{"id":95,"date":"2020-09-03T13:38:28","date_gmt":"2020-09-03T11:38:28","guid":{"rendered":"https:\/\/www.poli.fr\/g\/?page_id=95"},"modified":"2022-05-26T18:56:51","modified_gmt":"2022-05-26T16:56:51","slug":"tout-sur-cuissard-velo","status":"publish","type":"page","link":"https:\/\/www.poli.fr\/g\/tout-sur-cuissard-velo\/","title":{"rendered":"Le guide du cuissard de v\u00e9lo"},"content":{"rendered":"<p>Le cycliste est en qu\u00eate perp\u00e9tuelle d&rsquo;optimisation de ses performances et de son confort. Outre l&rsquo;entra\u00eenement, l&rsquo;\u00e9quipement peut permettre d&rsquo;atteindre de meilleurs objectifs. Le <a href=\"https:\/\/www.poli.fr\/achat\/cuissard-velo-237.html\">cuissard v\u00e9lo<\/a> \u00e9tant l&rsquo;\u00e9l\u00e9ment phare de la tenue du cycliste, nous vous proposons un dossier complet pour vous aider \u00e0 mieux connaitre ce compagnon de route et \u00e0 faire le bon choix lors de votre achat.<\/p>\n<p><img loading=\"lazy\" class=\"alignnone size-full wp-image-853\" src=\"https:\/\/www.poli.fr\/g\/wp-content\/uploads\/2021\/02\/20190601_161654.jpg\" alt=\"\" width=\"1000\" height=\"527\" srcset=\"https:\/\/www.poli.fr\/g\/wp-content\/uploads\/2021\/02\/20190601_161654.jpg 1000w, https:\/\/www.poli.fr\/g\/wp-content\/uploads\/2021\/02\/20190601_161654-300x158.jpg 300w, https:\/\/www.poli.fr\/g\/wp-content\/uploads\/2021\/02\/20190601_161654-768x405.jpg 768w\" sizes=\"(max-width: 709px) 85vw, (max-width: 909px) 67vw, (max-width: 1362px) 62vw, 840px\" \/><\/p>\n<h2>La conception du cuissard<\/h2>\n<p>Comment est con\u00e7u un cuissard de v\u00e9lo ? Quels labels de qualit\u00e9 peuvent orienter votre choix ? \u00a0Fabricant et concepteur de tenues cycliste depuis 1979, nous allons \u00ab\u00a0d\u00e9cortiquer\u00a0\u00bb le cuissard et vous faire d\u00e9couvrir tous ces aspects : Ses mati\u00e8res et technologies, sa phase de cr\u00e9ation puis sa fabrication. Sans oublier la peau, pi\u00e8ce maitresse du cuissard qui conditionne \u00e0 elle seule une grande partie de votre confort \u00e0 v\u00e9lo.<\/p>\n<p><strong>&gt; <a href=\"https:\/\/www.poli.fr\/g\/conception-cuissard-velo\/\">Tout sur la conception d&rsquo;un cuissard de v\u00e9lo<\/a><\/strong><\/p>\n<h2>Bien choisir son cuissard v\u00e9lo<\/h2>\n<p>Faire le bon choix de cuissard est d\u00e9cisif pour pouvoir pratiquer le cyclisme en toute tranquillit\u00e9. Mais face \u00e0 la multitude d&rsquo;offres et de prix sur le march\u00e9, il est n\u00e9cessaire de bien appr\u00e9hender ses besoins afin de pouvoir trouver le mod\u00e8le adapt\u00e9 \u00e0 votre morphologie et \u00e0 vos attentes. Que vous soyez un homme ou une femme, que vos pratiquiez le cyclisme sur route, le Cyclo-Cross ou encore le Gravel, il y a un type de cuissard sp\u00e9cifique.<\/p>\n<p><strong>&gt; <\/strong><a href=\"https:\/\/www.poli.fr\/g\/comment-bien-choisir-son-cuissard-de-velo\/\"><strong>Conseils pour bien choisir votre cuissard de v\u00e9lo<\/strong><\/a><\/p>\n<p><img loading=\"lazy\" class=\"alignnone size-large wp-image-844\" src=\"https:\/\/www.poli.fr\/g\/wp-content\/uploads\/2021\/02\/PHOTO-2021-02-05-15-19-24-822x1024.jpg\" alt=\"\" width=\"822\" height=\"1024\" srcset=\"https:\/\/www.poli.fr\/g\/wp-content\/uploads\/2021\/02\/PHOTO-2021-02-05-15-19-24-822x1024.jpg 822w, https:\/\/www.poli.fr\/g\/wp-content\/uploads\/2021\/02\/PHOTO-2021-02-05-15-19-24-241x300.jpg 241w, https:\/\/www.poli.fr\/g\/wp-content\/uploads\/2021\/02\/PHOTO-2021-02-05-15-19-24-768x957.jpg 768w, https:\/\/www.poli.fr\/g\/wp-content\/uploads\/2021\/02\/PHOTO-2021-02-05-15-19-24.jpg 1000w\" sizes=\"(max-width: 822px) 85vw, 822px\" \/><\/p>\n<h2>La sant\u00e9 et les cuissards de v\u00e9lo<\/h2>\n<p>La position sur le v\u00e9lo est souvent source de douleurs et d&rsquo;irritations au niveau de l&rsquo;assise. Tous les cyclistes le savent et sont \u00e0 la recherche de solutions pour les pr\u00e9venir. Que ce soit par le choix de la selle, du cuissard et de la peau, il est possible de minimiser cet inconfort et nous allons vous expliquer comment. Il existe \u00e9galement des cr\u00e8mes et gels pour traiter ou pr\u00e9venir ces d\u00e9sagr\u00e9ments mais afin de les \u00e9viter, le mieux est de comprendre leurs causes. Pour en savoir plus&#8230;<\/p>\n<p><strong>&gt; <a href=\"https:\/\/www.poli.fr\/g\/questions-sante-cuissards-velo\/\">Prenez le temps de lire notre dossier sant\u00e9<\/a><\/strong><\/p>\n<p><img loading=\"lazy\" class=\"alignnone size-full wp-image-842\" src=\"https:\/\/www.poli.fr\/g\/wp-content\/uploads\/2021\/02\/Image-5.jpg\" alt=\"\" width=\"1000\" height=\"517\" srcset=\"https:\/\/www.poli.fr\/g\/wp-content\/uploads\/2021\/02\/Image-5.jpg 1000w, https:\/\/www.poli.fr\/g\/wp-content\/uploads\/2021\/02\/Image-5-300x155.jpg 300w, https:\/\/www.poli.fr\/g\/wp-content\/uploads\/2021\/02\/Image-5-768x397.jpg 768w\" sizes=\"(max-width: 709px) 85vw, (max-width: 909px) 67vw, (max-width: 1362px) 62vw, 840px\" \/><\/p>\n<h2>L&rsquo;histoire du cuissard v\u00e9lo<\/h2>\n<p>Des origines du cuissard cycliste jusqu&rsquo;\u00e0 sa reprise dans le monde de la mode en passant par un focus sur sa version club, le cuissard fait partie int\u00e9grante de nos vies. Mais connaissez-vous son histoire? Cet embl\u00e8me de la tenue cycliste a connu une \u00e9volution fulgurante et est aujourd&rsquo;hui un produit ultra-technique au service de la performance des sportifs. D\u00e9mocratis\u00e9 par l&rsquo;a\u00e9robic et V\u00e9ronique et Davina, il a envahi nos garde-robes et se d\u00e9cline aujourd&rsquo;hui en version urbaine et tendance.<\/p>\n<p><strong>&gt; <a href=\"https:\/\/www.poli.fr\/g\/histoire-cuissard-velo\/\">Tout savoir sur l&rsquo;histoire du cuissard cycliste<\/a><\/strong><\/p>\n<p>&nbsp;<\/p>\n<p>Avec ce guide, nous souhaitons vous apporter nos conseils et vous faire b\u00e9n\u00e9ficier de notre exp\u00e9rience en esp\u00e9rant que cela vous aidera \u00e0 y voir plus clair pour trouver enfin LE cuissard fait pour vous!<\/p>\n","protected":false},"excerpt":{"rendered":"<p>Le cycliste est en qu\u00eate perp\u00e9tuelle d&rsquo;optimisation de ses performances et de son confort. Outre l&rsquo;entra\u00eenement, l&rsquo;\u00e9quipement peut permettre d&rsquo;atteindre de meilleurs objectifs. Le cuissard v\u00e9lo \u00e9tant l&rsquo;\u00e9l\u00e9ment phare de la tenue du cycliste, nous vous proposons un dossier complet pour vous aider \u00e0 mieux connaitre ce compagnon de route et \u00e0 faire le bon &hellip; <a href=\"https:\/\/www.poli.fr\/g\/tout-sur-cuissard-velo\/\" class=\"more-link\">Continuer la lecture<span class=\"screen-reader-text\"> de &laquo;&nbsp;Le guide du cuissard de v\u00e9lo&nbsp;&raquo;<\/span><\/a><\/p>\n","protected":false},"author":2,"featured_media":0,"parent":0,"menu_order":0,"comment_status":"closed","ping_status":"closed","template":"templates\/grappe.php","meta":[],"_links":{"self":[{"href":"https:\/\/www.poli.fr\/g\/wp-json\/wp\/v2\/pages\/95"}],"collection":[{"href":"https:\/\/www.poli.fr\/g\/wp-json\/wp\/v2\/pages"}],"about":[{"href":"https:\/\/www.poli.fr\/g\/wp-json\/wp\/v2\/types\/page"}],"author":[{"embeddable":true,"href":"https:\/\/www.poli.fr\/g\/wp-json\/wp\/v2\/users\/2"}],"replies":[{"embeddable":true,"href":"https:\/\/www.poli.fr\/g\/wp-json\/wp\/v2\/comments?post=95"}],"version-history":[{"count":47,"href":"https:\/\/www.poli.fr\/g\/wp-json\/wp\/v2\/pages\/95\/revisions"}],"predecessor-version":[{"id":1099,"href":"https:\/\/www.poli.fr\/g\/wp-json\/wp\/v2\/pages\/95\/revisions\/1099"}],"wp:attachment":[{"href":"https:\/\/www.poli.fr\/g\/wp-json\/wp\/v2\/media?parent=95"}],"curies":[{"name":"wp","href":"https:\/\/api.w.org\/{rel}","templated":true}]}}