{"id":920,"date":"2021-03-09T15:25:14","date_gmt":"2021-03-09T14:25:14","guid":{"rendered":"https:\/\/www.poli.fr\/g\/?page_id=920"},"modified":"2021-05-31T15:34:36","modified_gmt":"2021-05-31T13:34:36","slug":"poli-les-origines","status":"publish","type":"page","link":"https:\/\/www.poli.fr\/g\/poli-les-origines\/","title":{"rendered":"Poli, les origines"},"content":{"rendered":"<p><img loading=\"lazy\" style=\"display: block; margin: 0px 25px; float: right;\" title=\"Laines du pingouin\" src=\"\/img\/cms\/laines-du-pingouin.jpg\" alt=\"\" width=\"350\" height=\"229\" \/><\/p>\n<p>Tout d\u00e9bute \u00e0 <a href=\"http:\/\/www.marseille.fr\/\" target=\"_blank\" rel=\"noopener noreferrer\">Marseille<\/a>, \u00e0 la fin des ann\u00e9es 1960. Apr\u00e8s avoir travers\u00e9 les mers dans la Marine Nationale, failli embrasser une carri\u00e8re sportive, travaill\u00e9 en usine, achet\u00e9 une usine d\u2019aquarium et une autre de cagettes, <strong>Paul Poli<\/strong> pose ses valises dans la cit\u00e9 phoc\u00e9enne et y acquiert un magasin de laine pour son \u00e9pouse, au 5 avenue des Chartreux, dans le 4\u00e8me arrondissement.<\/p>\n<p><!--more--><\/p>\n<p>Aventurier et b\u00e2tisseur dans l\u2019\u00e2me, <strong>Paul Poli<\/strong> cherche aussit\u00f4t des voies de d\u00e9veloppement. Il devient grossiste pour la r\u00e9gion de la \u201cLaini\u00e8re de Roubaix\u201d, mondialement connue pour ses pelotes de laine \u201cLe Pingouin\u201d.<\/p>\n<p>La petite boutique, tenue par <strong>Madame Poli<\/strong>, suscite l\u2019int\u00e9r\u00eat et la fid\u00e9lit\u00e9 d\u2019une client\u00e8le f\u00e9minine toujours plus nombreuse. Au d\u00e9but des ann\u00e9es 1970, Paul Poli entreprend alors d\u2019importer \u00e0 Marseille les premi\u00e8res machines \u00e0 tricoter Hitachi.<\/p>\n<h2>Premi\u00e8res exp\u00e9riences de confection<\/h2>\n<p>Si l\u2019engouement pour les machines \u00e0 tricoter tarde \u00e0 prendre, la client\u00e8le est conquise par les mod\u00e8les de pulls r\u00e9alis\u00e9s pour en faire la d\u00e9monstration ! Les clientes se passent le mot et le succ\u00e8s va grandissant. A tel point que la notori\u00e9t\u00e9 des \u201c<strong>confections Poli<\/strong>\u201d d\u00e9passe rapidement les fronti\u00e8res du quartier et gagne le \u201c<strong>sentier marseillais<\/strong>\u201d. Le petit magasin va devoir faire face \u00e0 une explosion de la demande\u2026<\/p>\n<h2>Du magasin de laine \u00e0 l\u2019atelier<\/h2>\n<p>Paul Poli n\u2019h\u00e9site pas : pour r\u00e9pondre \u00e0 la demande des professionnels, il installe un atelier, investit dans de nouvelles machines industrielles et lance en 1972 sa premi\u00e8re collection de pulls, \u201c<strong>Poli Pull<\/strong>\u201d, qu\u2019il propose \u00e0 la vente en gros. La r\u00e9ussite est au rendez-vous et Poli commence \u00e0 fabriquer pour les plus belles marques, notamment <strong>Jezequel<\/strong>.<\/p>\n<p><img loading=\"lazy\" style=\"display: block; margin-left: auto; margin-right: auto;\" title=\"Machines \u00e0 tricoter\" src=\"\/img\/cms\/P.Poli%20machine.jpg\" alt=\"\" width=\"830\" height=\"645\" \/><\/p>\n<div style=\"text-align: center; font-size: 12px;\">Paul Poli devant une des premi\u00e8res machines \u00e0 tricoter. Elles seront r\u00e9cup\u00e9r\u00e9es par son fils, <strong>Michel<\/strong>, pour confectionner les premiers <a href=\"\/achat\/maillot-cyclisme-velo-223.html\">maillots cyclistes<\/a>.<\/div>\n<p>Collection apr\u00e8s collection, le succ\u00e8s des cr\u00e9ations Poli ne se d\u00e9ment pas. En 1977, l\u2019atelier se lance dans la confection de pantalons.<\/p>\n<div class=\"col-xs-12 col-sm-6 col-md-6 col-lg-6\">\n<p><img loading=\"lazy\" style=\"display: block; margin-left: auto; margin-right: auto;\" title=\"Atelier\" src=\"\/img\/cms\/Atelier.jpg\" alt=\"\" width=\"806\" height=\"539\" \/><\/p>\n<div style=\"text-align: center; font-size: 12px;\">Tr\u00e8s vite, l\u2019atelier s\u2019agrandit\u2026<\/div>\n<\/div>\n<div class=\"col-xs-12 col-sm-6 col-md-6 col-lg-6\">\n<p><img loading=\"lazy\" style=\"display: block; margin-left: auto; margin-right: auto;\" title=\"la production\" src=\"\/img\/cms\/P.Poli%20machine2.jpg\" alt=\"\" width=\"806\" height=\"539\" \/><\/p>\n<div style=\"text-align: center; font-size: 12px;\">\u2026Et la production se diversifie<\/div>\n<\/div>\n<p>En 1979 <strong>Michel Poli<\/strong>, fils de Paul, \u00e9tudiant en BTS Distribution au Lyc\u00e9e Jean Perrier de Marseille, r\u00e9alise son stage dans l\u2019entreprise. Le th\u00e8me de son rapport ? Une \u00e9tude de march\u00e9 sur le pr\u00eat-\u00e0-porter enfant. La diversification est en marche\u2026<\/p>\n","protected":false},"excerpt":{"rendered":"<p>Tout d\u00e9bute \u00e0 Marseille, \u00e0 la fin des ann\u00e9es 1960. Apr\u00e8s avoir travers\u00e9 les mers dans la Marine Nationale, failli embrasser une carri\u00e8re sportive, travaill\u00e9 en usine, achet\u00e9 une usine d\u2019aquarium et une autre de cagettes, Paul Poli pose ses valises dans la cit\u00e9 phoc\u00e9enne et y acquiert un magasin de laine pour son \u00e9pouse, &hellip; <a href=\"https:\/\/www.poli.fr\/g\/poli-les-origines\/\" class=\"more-link\">Continuer la lecture<span class=\"screen-reader-text\"> de &laquo;&nbsp;Poli, les origines&nbsp;&raquo;<\/span><\/a><\/p>\n","protected":false},"author":6,"featured_media":0,"parent":0,"menu_order":0,"comment_status":"closed","ping_status":"closed","template":"templates\/grappe.php","meta":[],"_links":{"self":[{"href":"https:\/\/www.poli.fr\/g\/wp-json\/wp\/v2\/pages\/920"}],"collection":[{"href":"https:\/\/www.poli.fr\/g\/wp-json\/wp\/v2\/pages"}],"about":[{"href":"https:\/\/www.poli.fr\/g\/wp-json\/wp\/v2\/types\/page"}],"author":[{"embeddable":true,"href":"https:\/\/www.poli.fr\/g\/wp-json\/wp\/v2\/users\/6"}],"replies":[{"embeddable":true,"href":"https:\/\/www.poli.fr\/g\/wp-json\/wp\/v2\/comments?post=920"}],"version-history":[{"count":7,"href":"https:\/\/www.poli.fr\/g\/wp-json\/wp\/v2\/pages\/920\/revisions"}],"predecessor-version":[{"id":1000,"href":"https:\/\/www.poli.fr\/g\/wp-json\/wp\/v2\/pages\/920\/revisions\/1000"}],"wp:attachment":[{"href":"https:\/\/www.poli.fr\/g\/wp-json\/wp\/v2\/media?parent=920"}],"curies":[{"name":"wp","href":"https:\/\/api.w.org\/{rel}","templated":true}]}}