{"id":918,"date":"2021-03-09T15:24:27","date_gmt":"2021-03-09T14:24:27","guid":{"rendered":"https:\/\/www.poli.fr\/g\/?page_id=918"},"modified":"2021-05-31T15:33:47","modified_gmt":"2021-05-31T13:33:47","slug":"michel-poli-attaque-le-marche-du-sport","status":"publish","type":"page","link":"https:\/\/www.poli.fr\/g\/michel-poli-attaque-le-marche-du-sport\/","title":{"rendered":"Michel poli attaque le march\u00e9 du sport"},"content":{"rendered":"<p><img style=\"float: right; margin-left: 20px; margin-right: 20px;\" src=\"\/img\/cms\/Rapport%20de%20stage2.jpg\" alt=\"\" width=\"380\" \/><\/p>\n<p>Baign\u00e9 dans l\u2019univers de la confection \u2013 Il avait 12 ans lorsque son p\u00e8re a acquis le magasin de laine \u2013 <strong>Michel Poli<\/strong> veut exploiter les r\u00e9sultats de son rapport de stage. Ce n\u2019est toutefois pas vers le pr\u00eat-\u00e0-porter enfant qu\u2019il se dirige\u2026 mais vers la production d\u2019une collection destin\u00e9e aux femmes fortes.<\/p>\n<p><!--more--><\/p>\n<p>Tout aussi entrepreneur que son p\u00e8re, il cr\u00e9e en 1979 sa propre soci\u00e9t\u00e9, <strong>Politext<\/strong>, qui g\u00e8re et d\u00e9tient toujours aujourd\u2019hui la marque <strong>Poli<\/strong>, et lance sa collection \u201cfemmes fortes\u201d. Le succ\u00e8s escompt\u00e9 n\u2019est h\u00e9las pas au rendez-vous\u2026<\/p>\n<p>1979 : le rapport de stage de Michel Poli fait d\u00e9j\u00e0 r\u00e9f\u00e9rence au lancement d\u2019une nouvelle gamme de produits.<\/p>\n<p><img loading=\"lazy\" class=\"aligncenter\" title=\"croquis poli\" src=\"\/img\/cms\/Croquis.jpg\" alt=\"Un des premiers croquis de Michel Poli, pour un mod\u00e8le de fuseau\" width=\"401\" height=\"600\" \/><span style=\"font-size: 10pt;\"><em>Un des premiers croquis de Michel Poli, pour un mod\u00e8le de fuseau<\/em><\/span><\/p>\n<h2><\/h2>\n<h2>Les premi\u00e8res fibres techniques<\/h2>\n<p>Loin de se d\u00e9courager, Michel Poli flaire un nouveau march\u00e9. En 1980, un ami, propri\u00e9taire de \u201cLa maison du ski\u201d \u00e0 Marseille, lui montre un fuseau fabriqu\u00e9 en Italie et utilisant une fibre jusque l\u00e0 peu pr\u00e9sente dans le domaine sportif : le Lycra\u00ae.<\/p>\n<p>Certain du potentiel de ce nouveau tissu, Michel Poli se rend au consulat italien de Marseille, obtient l\u2019adresse du fabricant en Italie, monte dans sa voiture, rencontre le fabricant et revient avec le tissu en question !<\/p>\n<p>Il confectionne alors un prototype de fuseau et le montre \u00e0 son ami. Celui-ci a un coup de foudre et en commande 1.000 pi\u00e8ces ! <strong>Une commande qui marquera le d\u00e9but de l\u2019utilisation de tissus \u00e0 base de fibre Lycra\u00ae en France dans la fabrication des v\u00eatements sportifs\u2026 <\/strong> <a href=\"\/content\/142-technologies\">Tout comme celui de la recherche permanente de technicit\u00e9 et de performance propre \u00e0 la marque Poli.<\/a><\/p>\n<h2>L&rsquo;\u00e8re de la diversification<\/h2>\n<p>Tr\u00e8s vite, Michel Poli est contact\u00e9 par les repr\u00e9sentants de marques de v\u00eatements de ski qui ne leur fournissaient que le haut\u2026 pour leur fournir le bas et leur permettre d\u2019avoir une offre sur des tenues compl\u00e8tes.<\/p>\n<p>Port\u00e9 par ce premier succ\u00e8s et craignant une activit\u00e9 trop saisonni\u00e8re, Michel Poli cr\u00e9e la marque Polisports et se diversifie en lan\u00e7ant une gamme d\u00e9di\u00e9e au surf et au windsurf. Mais bient\u00f4t, une rencontre va lui ouvrir de nouveaux horizons\u2026<\/p>\n<p>&nbsp;<\/p>\n","protected":false},"excerpt":{"rendered":"<p>Baign\u00e9 dans l\u2019univers de la confection \u2013 Il avait 12 ans lorsque son p\u00e8re a acquis le magasin de laine \u2013 Michel Poli veut exploiter les r\u00e9sultats de son rapport de stage. Ce n\u2019est toutefois pas vers le pr\u00eat-\u00e0-porter enfant qu\u2019il se dirige\u2026 mais vers la production d\u2019une collection destin\u00e9e aux femmes fortes.<\/p>\n","protected":false},"author":6,"featured_media":0,"parent":0,"menu_order":0,"comment_status":"closed","ping_status":"closed","template":"templates\/grappe.php","meta":[],"_links":{"self":[{"href":"https:\/\/www.poli.fr\/g\/wp-json\/wp\/v2\/pages\/918"}],"collection":[{"href":"https:\/\/www.poli.fr\/g\/wp-json\/wp\/v2\/pages"}],"about":[{"href":"https:\/\/www.poli.fr\/g\/wp-json\/wp\/v2\/types\/page"}],"author":[{"embeddable":true,"href":"https:\/\/www.poli.fr\/g\/wp-json\/wp\/v2\/users\/6"}],"replies":[{"embeddable":true,"href":"https:\/\/www.poli.fr\/g\/wp-json\/wp\/v2\/comments?post=918"}],"version-history":[{"count":9,"href":"https:\/\/www.poli.fr\/g\/wp-json\/wp\/v2\/pages\/918\/revisions"}],"predecessor-version":[{"id":998,"href":"https:\/\/www.poli.fr\/g\/wp-json\/wp\/v2\/pages\/918\/revisions\/998"}],"wp:attachment":[{"href":"https:\/\/www.poli.fr\/g\/wp-json\/wp\/v2\/media?parent=918"}],"curies":[{"name":"wp","href":"https:\/\/api.w.org\/{rel}","templated":true}]}}