{"id":273,"date":"2020-10-14T17:15:10","date_gmt":"2020-10-14T15:15:10","guid":{"rendered":"https:\/\/www.poli.fr\/g\/?page_id=273"},"modified":"2022-05-26T19:00:23","modified_gmt":"2022-05-26T17:00:23","slug":"le-cycliste-dans-lunivers-de-la-mode","status":"publish","type":"page","link":"https:\/\/www.poli.fr\/g\/le-cycliste-dans-lunivers-de-la-mode\/","title":{"rendered":"Le cycliste dans l\u2019univers de la mode"},"content":{"rendered":"<div>Il revient, c\u2019est bien lui. L\u2019ic\u00f4ne des ann\u00e9es 80\/90 : le cycliste!<\/div>\n<div><\/div>\n<div>A son apog\u00e9e dans les ann\u00e9es 1980, il \u00e9tait associ\u00e9 aux modes du fitness et de l\u2019a\u00e9robic et en a vu de toutes les couleurs. Les ann\u00e9es 90 ont suivi et le short cycliste a pris une place enti\u00e8re dans notre garde-robe estivale. Madonna, la princesse Diana ont-elles-m\u00eame donn\u00e9 naissance \u00e0 ce <a href=\"https:\/\/www.poli.fr\/g\/histoire-cuissard-velo\/\">ph\u00e9nom\u00e8ne de mode<\/a>.<\/div>\n<p>&nbsp;<\/p>\n<div><img loading=\"lazy\" class=\"wp-image-703 alignleft\" src=\"https:\/\/www.poli.fr\/g\/wp-content\/uploads\/2021\/01\/IMG_8301-488x1024.jpg\" alt=\"\" width=\"278\" height=\"584\" srcset=\"https:\/\/www.poli.fr\/g\/wp-content\/uploads\/2021\/01\/IMG_8301-488x1024.jpg 488w, https:\/\/www.poli.fr\/g\/wp-content\/uploads\/2021\/01\/IMG_8301-143x300.jpg 143w, https:\/\/www.poli.fr\/g\/wp-content\/uploads\/2021\/01\/IMG_8301.jpg 500w\" sizes=\"(max-width: 278px) 85vw, 278px\" \/><\/div>\n<div><\/div>\n<div>Et pourtant, le short cycliste nouvelle g\u00e9n\u00e9ration, ou encore bike-shorts, legging court, \u00e9galement surnomm\u00e9 \u00ab \u00a0scuba pants \u00a0\u00bb s\u2019inscrit dans la tendance \u201cathleisure\u201d et, plus pr\u00e9cis\u00e9ment, le \u201cgorpcore\u201d (le look trekking adapt\u00e9 \u00e0 la ville). Ce m\u00e9lange de sport-loisir va bien au-del\u00e0 de la salle de sport, c\u2019est un v\u00e9ritable ph\u00e9nom\u00e8ne de soci\u00e9t\u00e9 \u00a0: habiller le corps sans contrainte.<\/div>\n<div><\/div>\n<div>Kim Kardashian, Emily Ratajkowski, Bella Hadid ou encore Kendall Jenner, c\u00e9l\u00e8bres it-girls, bloggeuses, instagrameuses, ne s\u2019y sont pas tromp\u00e9es et ont remis le short cycliste au go\u00fbt du jour, incontournable dans sa version contemporaine. Depuis il est absolument partout. Moulant et minimaliste, associ\u00e9 \u00e0 un haut oversize et des baskets aux semelles \u00e9paisses, pour un look street et sportif, c\u2019est le nec plus ultra. Il a finalement de nombreux avantages.<\/div>\n<div>Confortable, il laisse libre court \u00e0 nos mouvements et se porte comme une seconde peau, mais il faut assumer pleinement sa silhouette car il \u00e9pouse parfaitement les formes \u00a0!<\/div>\n<p>&nbsp;<\/p>\n<div><\/div>\n<div>A l\u2019origine uniquement consacr\u00e9 \u00e0 la pratique du v\u00e9lo, le cuissard cycliste est r\u00e9alis\u00e9 dans des mati\u00e8res synth\u00e9tiques (Polyester et Polyamide), extensibles, moulantes et tr\u00e8s confortables. <a href=\"https:\/\/www.poli.fr\/g\/quelles-autres-garanties-pour-un-cuissard-de-qualite\/\">Technicit\u00e9<\/a>, respirabilit\u00e9, r\u00e9sistance et ergonomie sont les ma\u00eetres-mots de ces mati\u00e8res 2.0. Elles font l\u2019objet de s\u00e9lections minutieuses, associ\u00e9es \u00e0 une coupe adapt\u00e9e pour \u00e9viter les \u00e9chauffements et les frottements lors que l\u2019on p\u00e9dale. Ce cuissard, souvent avec des bretelles, renforc\u00e9 sur la zone p\u00e9rin\u00e9ale avec une peau de chamois, n\u2019est port\u00e9 que pour faire du v\u00e9lo \u00a0\u2026<\/div>\n<p>&nbsp;<\/p>\n<div><img loading=\"lazy\" class=\"wp-image-702 alignleft\" src=\"https:\/\/www.poli.fr\/g\/wp-content\/uploads\/2021\/01\/IMG_8296.jpg\" alt=\"\" width=\"350\" height=\"233\" srcset=\"https:\/\/www.poli.fr\/g\/wp-content\/uploads\/2021\/01\/IMG_8296.jpg 1000w, https:\/\/www.poli.fr\/g\/wp-content\/uploads\/2021\/01\/IMG_8296-300x200.jpg 300w, https:\/\/www.poli.fr\/g\/wp-content\/uploads\/2021\/01\/IMG_8296-768x511.jpg 768w\" sizes=\"(max-width: 350px) 85vw, 350px\" \/><\/div>\n<p>&nbsp;<\/p>\n<div>Devenu un \u00e9l\u00e9ment de mode, le short cycliste est tout autre.<\/div>\n<div>Exit la respirabilit\u00e9, la technicit\u00e9, l\u2019ergonomie, les bretelles et la peau de chamois \u2026<\/div>\n<div>On garde l\u2019essentiel, le confort d\u2019une seconde peau, une nouvelle libert\u00e9.<\/div>\n<p>&nbsp;<\/p>\n<div>Parfois compl\u00e8tement revisit\u00e9, il passe d\u2019un look sportif \u00e0 chic sans complexe, selon les envies. Associ\u00e9 \u00e0 des accessoires styl\u00e9s, port\u00e9 avec des bottines et une blouse ample ou en talons et veste satin\u00e9e pour un soir, il permet finalement des looks tr\u00e8s diff\u00e9rents et ose les contrastes. Il peut appara\u00eetre totalement d\u00e9cal\u00e9 en dentelle, particuli\u00e8rement sexy en cuir ou encore parfaitement assum\u00e9 en jean \u2026 la cr\u00e9ativit\u00e9 n\u2019a aucune limite et le sens de la mode non plus.<\/div>\n<p>&nbsp;<\/p>\n<div><img loading=\"lazy\" class=\"alignnone size-full wp-image-701\" src=\"https:\/\/www.poli.fr\/g\/wp-content\/uploads\/2021\/01\/IMG_8294.jpg\" alt=\"\" width=\"1000\" height=\"729\" srcset=\"https:\/\/www.poli.fr\/g\/wp-content\/uploads\/2021\/01\/IMG_8294.jpg 1000w, https:\/\/www.poli.fr\/g\/wp-content\/uploads\/2021\/01\/IMG_8294-300x219.jpg 300w, https:\/\/www.poli.fr\/g\/wp-content\/uploads\/2021\/01\/IMG_8294-768x560.jpg 768w\" sizes=\"(max-width: 709px) 85vw, (max-width: 909px) 67vw, (max-width: 1362px) 62vw, 840px\" \/><\/div>\n<p>&nbsp;<\/p>\n<div>Dans sa version classique, noir et longueur mi-cuisse, il permet de sauter le pas plus facilement et s\u2019invite dans les looks du quotidien. On succombe \u00e0 son charme, on s\u2019amuse de son aspect sportswear en jouant les d\u00e9calages.<\/div>\n<div>On le retrouve en version plus sophistiqu\u00e9e, blanche ou color\u00e9e, unie ou imprim\u00e9e, dans des mati\u00e8res plus nobles telles le velours, le cachemire ou chez Yves St Laurent, en maille c\u00f4tel\u00e9e.<\/div>\n<p>&nbsp;<\/p>\n<div>Le but de notre article n\u2019est pas d\u2019en faire un blog de mode mais bien de relater la place que prend le short cycliste dans notre quotidien. Sur le web, de nombreux blogs font la part belle \u00e0 ce nouveau cycliste tr\u00e8s en vogue, et chacun y va de son avis d\u2019expert. Vous pourrez vous y r\u00e9f\u00e9rer tr\u00e8s facilement.<\/div>\n<p>&nbsp;<\/p>\n<div>Alors, vous laisserez-vous tenter \u00a0?<\/div>\n<p>&nbsp;<\/p>\n","protected":false},"excerpt":{"rendered":"<p>Il revient, c\u2019est bien lui. L\u2019ic\u00f4ne des ann\u00e9es 80\/90 : le cycliste! A son apog\u00e9e dans les ann\u00e9es 1980, il \u00e9tait associ\u00e9 aux modes du fitness et de l\u2019a\u00e9robic et en a vu de toutes les couleurs. Les ann\u00e9es 90 ont suivi et le short cycliste a pris une place enti\u00e8re dans notre garde-robe estivale. &hellip; <a href=\"https:\/\/www.poli.fr\/g\/le-cycliste-dans-lunivers-de-la-mode\/\" class=\"more-link\">Continuer la lecture<span class=\"screen-reader-text\"> de &laquo;&nbsp;Le cycliste dans l\u2019univers de la mode&nbsp;&raquo;<\/span><\/a><\/p>\n","protected":false},"author":6,"featured_media":0,"parent":0,"menu_order":0,"comment_status":"closed","ping_status":"closed","template":"templates\/grappe.php","meta":[],"_links":{"self":[{"href":"https:\/\/www.poli.fr\/g\/wp-json\/wp\/v2\/pages\/273"}],"collection":[{"href":"https:\/\/www.poli.fr\/g\/wp-json\/wp\/v2\/pages"}],"about":[{"href":"https:\/\/www.poli.fr\/g\/wp-json\/wp\/v2\/types\/page"}],"author":[{"embeddable":true,"href":"https:\/\/www.poli.fr\/g\/wp-json\/wp\/v2\/users\/6"}],"replies":[{"embeddable":true,"href":"https:\/\/www.poli.fr\/g\/wp-json\/wp\/v2\/comments?post=273"}],"version-history":[{"count":15,"href":"https:\/\/www.poli.fr\/g\/wp-json\/wp\/v2\/pages\/273\/revisions"}],"predecessor-version":[{"id":1121,"href":"https:\/\/www.poli.fr\/g\/wp-json\/wp\/v2\/pages\/273\/revisions\/1121"}],"wp:attachment":[{"href":"https:\/\/www.poli.fr\/g\/wp-json\/wp\/v2\/media?parent=273"}],"curies":[{"name":"wp","href":"https:\/\/api.w.org\/{rel}","templated":true}]}}