{"id":261,"date":"2020-10-14T17:11:54","date_gmt":"2020-10-14T15:11:54","guid":{"rendered":"https:\/\/www.poli.fr\/g\/?page_id=261"},"modified":"2022-05-26T18:58:04","modified_gmt":"2022-05-26T16:58:04","slug":"comment-laver-un-cuissard-de-velo","status":"publish","type":"page","link":"https:\/\/www.poli.fr\/g\/comment-laver-un-cuissard-de-velo\/","title":{"rendered":"Comment laver un cuissard de v\u00e9lo ?"},"content":{"rendered":"<p>Laver son cuissard de v\u00e9lo est une t\u00e2che qui vous para\u00eet compliqu\u00e9e ? Vous ne savez pas comment le laver ? A la main ou \u00e0 la machine ? Quelle lessive choisir ? O\u00f9 s\u00e9cher son cuissard ? Comment l\u2019entretenir ? Quelles actions sont \u00e0 proscrire ? D\u00e9couvrez nos conseils pour le garder dans son meilleur \u00e9tat le plus longtemps possible.<\/p>\n<figure id=\"attachment_330\" aria-describedby=\"caption-attachment-330\" style=\"width: 1000px\" class=\"wp-caption alignnone\"><img loading=\"lazy\" class=\"wp-image-330 size-full\" src=\"https:\/\/www.poli.fr\/g\/wp-content\/uploads\/2020\/10\/lavage-tenue-sport.jpg\" alt=\"\" width=\"1000\" height=\"559\" srcset=\"https:\/\/www.poli.fr\/g\/wp-content\/uploads\/2020\/10\/lavage-tenue-sport.jpg 1000w, https:\/\/www.poli.fr\/g\/wp-content\/uploads\/2020\/10\/lavage-tenue-sport-300x168.jpg 300w, https:\/\/www.poli.fr\/g\/wp-content\/uploads\/2020\/10\/lavage-tenue-sport-768x429.jpg 768w\" sizes=\"(max-width: 709px) 85vw, (max-width: 909px) 67vw, (max-width: 1362px) 62vw, 840px\" \/><figcaption id=\"caption-attachment-330\" class=\"wp-caption-text\">Bien laver ses tenues de v\u00e9lo<\/figcaption><\/figure>\n<p>Tout d\u2019abord, il ne faut pas attendre avant de le laver. L\u2019id\u00e9al est de s\u2019y coller d\u00e8s sa sortie termin\u00e9e. Faire sa lessive dans les plus brefs d\u00e9lais \u00e9vite que des bact\u00e9ries se d\u00e9veloppent, et que l\u2019acidit\u00e9 de la transpiration n\u2019ab\u00eeme la mati\u00e8re. La qualit\u00e9 et l\u2019apparence de vos v\u00eatements seront ainsi mieux gard\u00e9es.<\/p>\n<h2>Deux types de lavage du cuissard de v\u00e9lo<\/h2>\n<p>Avant la premi\u00e8re utilisation de votre <a href=\"https:\/\/www.poli.fr\/g\/comment-bien-choisir-son-cuissard-de-velo\/\">nouveau cuissard de v\u00e9lo choisi avec soins<\/a>, pensez \u00e0 le laver \u00e0 la main et \u00e0 l\u2019eau froide ou ti\u00e8de. Apr\u00e8s vos sorties, vous pouvez continuer le lavage \u00e0 la main. Il est d\u2019ailleurs recommand\u00e9 de faire un pr\u00e9lavage \u00e0 la main lorsque votre maillot est boueux ou lorsqu\u2019il pleut. Par contre, ne le laissez pas tremper.<br \/>\n\u00c9vitez \u00e9galement de le tordre lors de l\u2019essorage. Un l\u00e9ger serrage \u00e0 la main suffit. Si vous avez plus confiance en la technologie, vous pouvez utiliser votre machine \u00e0 laver. Le lavage doit alors s\u2019effectuer \u00e0 une vitesse de 800 ou 1000 tr\/mn et \u00e0 une temp\u00e9rature d\u2019au maximum 30 degr\u00e9s. Il ne faut pas d\u00e9passer cette limite. Cela entra\u00eenerait alors une alt\u00e9ration prononc\u00e9e de votre cuissard.<\/p>\n<p><img loading=\"lazy\" class=\"alignnone size-full wp-image-329\" src=\"https:\/\/www.poli.fr\/g\/wp-content\/uploads\/2020\/10\/0Z4A1908.jpg\" alt=\"\" width=\"1000\" height=\"626\" srcset=\"https:\/\/www.poli.fr\/g\/wp-content\/uploads\/2020\/10\/0Z4A1908.jpg 1000w, https:\/\/www.poli.fr\/g\/wp-content\/uploads\/2020\/10\/0Z4A1908-300x188.jpg 300w, https:\/\/www.poli.fr\/g\/wp-content\/uploads\/2020\/10\/0Z4A1908-768x481.jpg 768w\" sizes=\"(max-width: 709px) 85vw, (max-width: 909px) 67vw, (max-width: 1362px) 62vw, 840px\" \/><\/p>\n<p>Cette temp\u00e9rature est largement suffisante pour \u00e9liminer tous types de bact\u00e9ries. Le lavage trop chaud ne fait qu\u2019ab\u00eemer les tissus et les mousses. Pour bien prot\u00e9ger votre cuissard de cyclisme, mettez les coutures \u00e0 l\u2019ext\u00e9rieur pour limiter la d\u00e9coloration. Pensez aussi \u00e0 fermer les fermetures \u00e9clair et les velcros, qui pourraient agresser d&rsquo;autres v\u00eatements. Les velcros sont tr\u00e8s agressifs et acc\u00e9l\u00e8rent l&rsquo;usure des mati\u00e8res.<\/p>\n<p>Autre question que vous pouvez vous poser : quelle lessive utiliser ? Nous conseillons la lessive en poudre plut\u00f4t que de la lessive liquide. Elle conserve mieux les couches protectrices. Attention \u00e0 ne pas \u00eatre trop g\u00e9n\u00e9reux avec la lessive. Elle se dissout mal en trop grande quantit\u00e9. Il peut donc rester des traces sur le cuissard, qui est alors oblig\u00e9 d\u2019\u00eatre lav\u00e9 une seconde fois. Un exc\u00e8s de lessive peut m\u00eame mener, \u00e0 terme, \u00e0 des moisissures.<\/p>\n<h2>Certains produits \u00e0 proscrire sur votre cuissard<\/h2>\n<p>Information importante : surtout, ne jamais utiliser d\u2019adoucissant. Ce produit m\u00e9nager parfumant est un outil int\u00e9ressant pour les v\u00eatements \u00ab\u00a0standard\u00a0\u00bb, mais est absolument \u00e0 \u00e9viter pour le lavage du cuissard. L\u2019adoucissant alt\u00e8re les fibres et obstrue les pores du textile respirant. En effet, les v\u00eatements de cyclisme sont fabriqu\u00e9s avec des mat\u00e9riaux sp\u00e9ciaux, des mati\u00e8res synth\u00e9tiques. C\u2019est pourquoi vous ne devez pas laver vos v\u00eatements de cyclisme avec vos v\u00eatements \u00ab\u00a0de tous les jours\u00a0\u00bb.<br \/>\nL\u2019usage d\u2019eau de javel, de vinaigre et d\u2019huiles essentielles est aussi \u00e0 d\u00e9conseiller. Ces solutions peuvent tacher ou d\u00e9colorer les tissus synth\u00e9tiques. Bref, il faut utiliser des d\u00e9tergents neutres, non-agressifs.<\/p>\n<p>Par contre, le filet de lavage est un bon outil, dans le cas o\u00f9 vous lavez votre cuissard dans la machine \u00e0 laver. Cela emp\u00eachera les v\u00eatements de s&#8217;emm\u00ealer entre eux. Faites attention, tout de m\u00eame, \u00e0 ne pas m\u00ealer v\u00eatements clairs et v\u00eatements de couleur. Les tissus sombres ou de couleurs peuvent d\u00e9teindre de mani\u00e8re permanente sur votre linge blanc, m\u00eame \u00e0 l&rsquo;eau froide.<\/p>\n<p><img loading=\"lazy\" class=\"alignnone size-full wp-image-331\" src=\"https:\/\/www.poli.fr\/g\/wp-content\/uploads\/2020\/10\/processed.jpg\" alt=\"\" width=\"1000\" height=\"746\" srcset=\"https:\/\/www.poli.fr\/g\/wp-content\/uploads\/2020\/10\/processed.jpg 1000w, https:\/\/www.poli.fr\/g\/wp-content\/uploads\/2020\/10\/processed-300x224.jpg 300w, https:\/\/www.poli.fr\/g\/wp-content\/uploads\/2020\/10\/processed-768x573.jpg 768w\" sizes=\"(max-width: 709px) 85vw, (max-width: 909px) 67vw, (max-width: 1362px) 62vw, 840px\" \/><\/p>\n<h3>Un s\u00e9chage naturel<\/h3>\n<p>Une fois lav\u00e9, ne laissez pas votre cuissard trop longtemps humide. Mettez-le \u00e0 s\u00e9cher directement. Le s\u00e9chage doux et naturel est \u00e0 privil\u00e9gier, plut\u00f4t qu\u2019un s\u00e8che-linge. Il est recommand\u00e9 de ne pas laisser votre cuissard s\u00e9cher en plein soleil ou en pleine lune. Les UV peuvent alors ab\u00eemer les fibres et les couleurs. Evitez aussi de le faire s\u00e9cher sur le radiateur. Choisissez un endroit bien ventil\u00e9 pour un s\u00e9chage assez rapide. Faites attention \u00e0 vos pinces \u00e0 linge. Elles risquent, pour certaines, d\u2019endommager le cuissard. Cela arrive r\u00e9guli\u00e8rement avec des anciennes. Vous pouvez aussi le faire s\u00e9cher \u00e0 plat.<\/p>\n<p>Enfin, votre cuissard n\u2019a pas besoin d\u2019\u00eatre repass\u00e9. Il est \u00e0 conserver dans un endroit sec et a\u00e9r\u00e9. Il faut s\u2019assurer que le cuissard soit bien sec avant de le ranger. Sinon, des moisissures risquent d\u2019appara\u00eetre. Si vous le pendez sur un cintre, v\u00e9rifiez qu\u2019il n\u2019accroche pas les fibres. De m\u00eame, si vous le pliez \u00e0 plat, assurez-vous que la surface soit bien lisse.<\/p>\n<p>&nbsp;<\/p>\n","protected":false},"excerpt":{"rendered":"<p>Laver son cuissard de v\u00e9lo est une t\u00e2che qui vous para\u00eet compliqu\u00e9e ? Vous ne savez pas comment le laver ? A la main ou \u00e0 la machine ? Quelle lessive choisir ? O\u00f9 s\u00e9cher son cuissard ? Comment l\u2019entretenir ? Quelles actions sont \u00e0 proscrire ? D\u00e9couvrez nos conseils pour le garder dans son &hellip; <a href=\"https:\/\/www.poli.fr\/g\/comment-laver-un-cuissard-de-velo\/\" class=\"more-link\">Continuer la lecture<span class=\"screen-reader-text\"> de &laquo;&nbsp;Comment laver un cuissard de v\u00e9lo ?&nbsp;&raquo;<\/span><\/a><\/p>\n","protected":false},"author":6,"featured_media":0,"parent":0,"menu_order":0,"comment_status":"closed","ping_status":"closed","template":"templates\/grappe.php","meta":[],"_links":{"self":[{"href":"https:\/\/www.poli.fr\/g\/wp-json\/wp\/v2\/pages\/261"}],"collection":[{"href":"https:\/\/www.poli.fr\/g\/wp-json\/wp\/v2\/pages"}],"about":[{"href":"https:\/\/www.poli.fr\/g\/wp-json\/wp\/v2\/types\/page"}],"author":[{"embeddable":true,"href":"https:\/\/www.poli.fr\/g\/wp-json\/wp\/v2\/users\/6"}],"replies":[{"embeddable":true,"href":"https:\/\/www.poli.fr\/g\/wp-json\/wp\/v2\/comments?post=261"}],"version-history":[{"count":18,"href":"https:\/\/www.poli.fr\/g\/wp-json\/wp\/v2\/pages\/261\/revisions"}],"predecessor-version":[{"id":360,"href":"https:\/\/www.poli.fr\/g\/wp-json\/wp\/v2\/pages\/261\/revisions\/360"}],"wp:attachment":[{"href":"https:\/\/www.poli.fr\/g\/wp-json\/wp\/v2\/media?parent=261"}],"curies":[{"name":"wp","href":"https:\/\/api.w.org\/{rel}","templated":true}]}}