{"id":258,"date":"2020-10-14T17:11:10","date_gmt":"2020-10-14T15:11:10","guid":{"rendered":"https:\/\/www.poli.fr\/g\/?page_id=258"},"modified":"2022-05-26T18:57:47","modified_gmt":"2022-05-26T16:57:47","slug":"combien-coute-un-cuissard-velo","status":"publish","type":"page","link":"https:\/\/www.poli.fr\/g\/combien-coute-un-cuissard-velo\/","title":{"rendered":"Combien co\u00fbte un cuissard v\u00e9lo ?"},"content":{"rendered":"<p><a href=\"https:\/\/www.poli.fr\/g\/comment-bien-choisir-son-cuissard-de-velo\/\">Acqu\u00e9rir un cuissard de v\u00e9lo<\/a> peut \u00eatre un r\u00e9el investissement ou bien tout simplement un \u00e9ni\u00e8me mod\u00e8le pour se faire plaisir et compl\u00e9ter sa panoplie \u2026<br \/>\n<strong>Le prix reste un \u00e9l\u00e9ment important de s\u00e9lection<\/strong>, on cherche toujours la bonne affaire que ce soit dans du haut de gamme ou pas. Pour un <a href=\"https:\/\/www.poli.fr\/achat\/cuissard-velo-237.html\">cuissard de v\u00e9lo<\/a>, la fourchette de prix est assez large, de 9 \u00e0 4OO\u20ac, \u00a0l\u2019acheteur doit faire preuve de bon sens. Il faut tenir compte avant tout de son niveau de pratique, du type de discipline, de la qualit\u00e9 du v\u00eatement et bien s\u00fbr de son budget. Bref, trouver un juste milieu.<\/p>\n<p><img loading=\"lazy\" class=\"alignnone size-full wp-image-680\" src=\"https:\/\/www.poli.fr\/g\/wp-content\/uploads\/2021\/01\/processed11.jpg\" alt=\"\" width=\"1000\" height=\"667\" srcset=\"https:\/\/www.poli.fr\/g\/wp-content\/uploads\/2021\/01\/processed11.jpg 1000w, https:\/\/www.poli.fr\/g\/wp-content\/uploads\/2021\/01\/processed11-300x200.jpg 300w, https:\/\/www.poli.fr\/g\/wp-content\/uploads\/2021\/01\/processed11-768x512.jpg 768w\" sizes=\"(max-width: 709px) 85vw, (max-width: 909px) 67vw, (max-width: 1362px) 62vw, 840px\" \/><\/p>\n<h2>De 9 \u00e0 400 euros<\/h2>\n<p>Dans une enseigne fran\u00e7aise bien connue, le cuissard de premier prix (enfant et adulte) est affich\u00e9 \u00e0 9 euros. Une grande diff\u00e9rence avec le haut de gamme qui peut co\u00fbter plusieurs centaines d\u2019euros. Pourquoi un tel \u00e9cart ?<br \/>\nCes cuissards premiers prix peuvent convenir aux enfants et aux d\u00e9butants ne pratiquant le sport cycliste que tr\u00e8s occasionnellement et sur une distance relativement courte. Il faut le consid\u00e9rer comme un premier achat, et savoir qu\u2019il n\u2019est pas adapt\u00e9 \u00e0 des sorties r\u00e9guli\u00e8res, ni aux adeptes de la performance. A ce prix, tout est pris en consid\u00e9ration\u00a0 : une conception avec couture entrejambe pour un meilleur rendement tissu, pas de bretelle, un insert basique pr\u00e9conis\u00e9 pour 1H de pratique, une mati\u00e8re moins technique avec un pourcentage d\u2019\u00e9lasthanne minimum et au grammage plus l\u00e9ger (170 \u00e0 190g\/m\u00b2) et pas de grip silicone aux cuisses.<\/p>\n<p>Ajoutez 4 euros pour le collant (ou cuissard long). Il faudra monter \u00e0 30 euros pour un produit plus technique avec bretelles. Il faut avoir \u00e0 l\u2019esprit qu\u2019un tel cuissard s\u2019abimera plus vite et devra \u00eatre rapidement renouvel\u00e9. Pour les personnes sensibles \u00e0 la transition \u00e9cologique, un tel prix doit faire r\u00e9fl\u00e9chir, m\u00eame s\u2019il est tr\u00e8s attractif. Il n\u2019est possible que sur un lieu de production \u00e9loign\u00e9 tel l\u2019Asie, le Bengladesh, le Vietnam, l\u00e0 o\u00f9 les co\u00fbts de production sont les plus bas.<\/p>\n<p><img loading=\"lazy\" class=\"alignnone size-full wp-image-685\" src=\"https:\/\/www.poli.fr\/g\/wp-content\/uploads\/2021\/01\/TMHX153809.jpg\" alt=\"\" width=\"1000\" height=\"667\" srcset=\"https:\/\/www.poli.fr\/g\/wp-content\/uploads\/2021\/01\/TMHX153809.jpg 1000w, https:\/\/www.poli.fr\/g\/wp-content\/uploads\/2021\/01\/TMHX153809-300x200.jpg 300w, https:\/\/www.poli.fr\/g\/wp-content\/uploads\/2021\/01\/TMHX153809-768x512.jpg 768w\" sizes=\"(max-width: 709px) 85vw, (max-width: 909px) 67vw, (max-width: 1362px) 62vw, 840px\" \/><\/p>\n<p>La fourchette interm\u00e9diaire d\u2019un cuissard de v\u00e9lo se situe entre 50\u20ac et 100\u20ac. Le total pour l\u2019ensemble maillot et cuissard peut s\u2019\u00e9lever aux alentours des 150\/200 \u20ac. A ce stade, on peut consid\u00e9rer qu\u2019un cuissard est de bonne qualit\u00e9\u00a0 : d\u2019une conception plus technique sans couture entrejambe, des bretelles a\u00e9r\u00e9es, des mati\u00e8res respirantes au grammage plus lourd (210g\/m\u00b2) avec un pourcentage d\u2019\u00e9lasthanne plus important, un insert technique qualitatif choisi en fonction de la discipline ainsi que du temps pass\u00e9 sur le v\u00e9lo et enfin, selon le mod\u00e8le, avec des grips silicone aux cuisses. Ce cuissard aura une meilleure tenue dans le temps, l\u2019\u00e9paisseur de la peau ne s\u2019affaissera pas, vous pourrez pratiquer r\u00e9guli\u00e8rement votre sport tout au long de l\u2019ann\u00e9e sans vous soucier du nombre de lavages.<\/p>\n<p>Le cuissard haut de gamme, quant \u00e0 lui, est synonyme de distinction. A l\u2019instar de la haute couture ou du Hi-Tech dernier cri, il est signe de classe, de diff\u00e9renciation et de ralliement \u00e0 une marque renomm\u00e9e, ultra technique ou ultra branch\u00e9e. Pour avoir une id\u00e9e chiffr\u00e9e, on peut monter jusqu\u2019\u00e0 300 euros pour ce type de cuissard et jusqu\u2019\u00e0 400 euros pour un collant. Issus de nombreuses ann\u00e9es de recherche et de tests en concertation avec les cyclistes professionnels, les cuissards haut de gamme insufflent la tendance \u00e0 l\u2019ensemble de la profession. De conception tr\u00e8s technique et a\u00e9rodynamique, son design reste intemporel. Les mati\u00e8res \u00e0 la technologie 2.0 sont g\u00e9n\u00e9ralement issues de R&amp;D avec les fabricants de textiles techniques, ce qui explique en partie le prix \u00e9lev\u00e9 du cuissard. Ici, chaque d\u00e9tail compte, chaque \u00e9l\u00e9ment strat\u00e9gique, tel l\u2019a\u00e9rodynamisme, l\u2019insert, la compression des cuisses, est d\u00e9velopp\u00e9 avec sens pour le cycliste.<\/p>\n<p>M\u00eame si les prix semblent excessifs si l\u2019on consid\u00e8re le co\u00fbt de base des <a href=\"https:\/\/www.poli.fr\/g\/matieres-cuissard-velo\/\">diff\u00e9rentes mati\u00e8res<\/a> et celui de la <a href=\"https:\/\/www.poli.fr\/g\/conception-cuissard-velo\/\">conception<\/a>, un cuissard haut de gamme reste un <a href=\"https:\/\/www.poli.fr\/g\/quelles-autres-garanties-pour-un-cuissard-de-qualite\/\">concentr\u00e9 de technologies et de recherche<\/a>, \u00e0 la pointe de la performance. V\u00e9ritable investissement dans le temps, ce cuissard permet de s\u2019identifier aux pros en se d\u00e9marquant sur la route.<\/p>\n<h2>Comment faire de bonnes affaires ?<\/h2>\n<p>Mais la tenue compl\u00e8te du cycliste ne se r\u00e9sume pas au seul cuissard. Un sportif sort r\u00e9guli\u00e8rement pour rester performant ou tout simplement rester en forme. M\u00eame pour des sorties occasionnelles, il faut penser \u00e0 \u00eatre bien \u00e9quip\u00e9 en\u00a0 toutes les saisons, pouvoir sortir \u00e9t\u00e9 comme hiver. Tout cela \u00e0 un co\u00fbt \u00e9vident et le budget s\u2019en ressent.<\/p>\n<p><img loading=\"lazy\" class=\"alignnone size-full wp-image-679\" src=\"https:\/\/www.poli.fr\/g\/wp-content\/uploads\/2021\/01\/PHOTO-2020-06-21-17-23-25.jpg\" alt=\"\" width=\"1000\" height=\"721\" srcset=\"https:\/\/www.poli.fr\/g\/wp-content\/uploads\/2021\/01\/PHOTO-2020-06-21-17-23-25.jpg 1000w, https:\/\/www.poli.fr\/g\/wp-content\/uploads\/2021\/01\/PHOTO-2020-06-21-17-23-25-300x216.jpg 300w, https:\/\/www.poli.fr\/g\/wp-content\/uploads\/2021\/01\/PHOTO-2020-06-21-17-23-25-768x554.jpg 768w\" sizes=\"(max-width: 709px) 85vw, (max-width: 909px) 67vw, (max-width: 1362px) 62vw, 840px\" \/><\/p>\n<p>Il est possible de faire de bonnes affaires en cherchant les circuits courts de distribution supprimant les interm\u00e9diaires. Tout comme dans l\u2019alimentation, acheter directement chez un producteur de v\u00eatement de cyclisme, vous assurera la qualit\u00e9 et le juste prix. Cela est possible sur les plateformes de vente en ligne des fabricants, sur les sites d\u00e9di\u00e9s au cyclisme. Mais l\u00e0, pas d\u2019essayage possible. Sauf si l\u2019on connait d\u00e9j\u00e0 la marque, le choix de la taille est plus d\u00e9licat, il faut bien lire les caract\u00e9ristiques qui font la diff\u00e9rence et prendre correctement ses mesures. Les retours sont toutefois gratuits, ce qui laisse une marge d\u2019erreur possible.<\/p>\n<p>De la m\u00eame fa\u00e7on, on peut attendre les p\u00e9riodes de promotions comme les soldes, d\u00e9stockages ou autre Black Friday. Cela permet de faire son choix en amont et de rep\u00e9rer le cuissard le mieux adapt\u00e9 \u00e0 sa pratique. En fin de saison, les enseignes nationales, les marchands de cycle de proximit\u00e9 liquident leurs gammes textiles pour laisser la place aux nouveaut\u00e9s. C\u2019est l\u2019occasion d\u2019en profiter. Les cuissards ne sont pas si diff\u00e9rents d\u2019une ann\u00e9e sur l\u2019autre, mis \u00e0 part leur design.<\/p>\n<p>Trouver le juste milieu entre qualit\u00e9, prix et besoin personnel, tel est l\u2019objectif qu\u2019il faut se fixer en tant que consommateur sportif. Car on l\u2019a bien vu, le choix d\u2019un cuissard ne se fait pas uniquement sur le style, mais bien en fonction de sa technicit\u00e9, de son niveau de pratique et de son budget.<\/p>\n<p>Je d\u00e9bute, je ne sais pas si \u00e7a va me plaire, je suis un enfant, je grandis beaucoup\u2026 j\u2019essaie un cuissard premier prix en suivant les conseils du vendeur.<br \/>\nJe pratique depuis un certain temps, mais occasionnellement, j\u2019ai d\u00e9j\u00e0 un premier cuissard. Je teste le moyen de gamme qui me procurera plus de confort et me permettra de progresser.<br \/>\nJe suis un cycliste assidu, mes sorties sont r\u00e9guli\u00e8res et longues. A ce stade, vous connaissez vos besoins, vous avez test\u00e9 de nombreuses marques. Vous avez certainement un placard enti\u00e8rement d\u00e9di\u00e9. Un cuissard moyen\/haut de gamme est pour vous un investissement sant\u00e9, peu importe le prix. Il vous permet de rester en forme et performant et d\u2019\u00e9viter toutes blessures.<\/p>\n","protected":false},"excerpt":{"rendered":"<p>Acqu\u00e9rir un cuissard de v\u00e9lo peut \u00eatre un r\u00e9el investissement ou bien tout simplement un \u00e9ni\u00e8me mod\u00e8le pour se faire plaisir et compl\u00e9ter sa panoplie \u2026 Le prix reste un \u00e9l\u00e9ment important de s\u00e9lection, on cherche toujours la bonne affaire que ce soit dans du haut de gamme ou pas. Pour un cuissard de v\u00e9lo, &hellip; <a href=\"https:\/\/www.poli.fr\/g\/combien-coute-un-cuissard-velo\/\" class=\"more-link\">Continuer la lecture<span class=\"screen-reader-text\"> de &laquo;&nbsp;Combien co\u00fbte un cuissard v\u00e9lo ?&nbsp;&raquo;<\/span><\/a><\/p>\n","protected":false},"author":6,"featured_media":0,"parent":0,"menu_order":0,"comment_status":"closed","ping_status":"closed","template":"templates\/grappe.php","meta":[],"_links":{"self":[{"href":"https:\/\/www.poli.fr\/g\/wp-json\/wp\/v2\/pages\/258"}],"collection":[{"href":"https:\/\/www.poli.fr\/g\/wp-json\/wp\/v2\/pages"}],"about":[{"href":"https:\/\/www.poli.fr\/g\/wp-json\/wp\/v2\/types\/page"}],"author":[{"embeddable":true,"href":"https:\/\/www.poli.fr\/g\/wp-json\/wp\/v2\/users\/6"}],"replies":[{"embeddable":true,"href":"https:\/\/www.poli.fr\/g\/wp-json\/wp\/v2\/comments?post=258"}],"version-history":[{"count":10,"href":"https:\/\/www.poli.fr\/g\/wp-json\/wp\/v2\/pages\/258\/revisions"}],"predecessor-version":[{"id":1105,"href":"https:\/\/www.poli.fr\/g\/wp-json\/wp\/v2\/pages\/258\/revisions\/1105"}],"wp:attachment":[{"href":"https:\/\/www.poli.fr\/g\/wp-json\/wp\/v2\/media?parent=258"}],"curies":[{"name":"wp","href":"https:\/\/api.w.org\/{rel}","templated":true}]}}