{"id":252,"date":"2020-10-14T17:09:42","date_gmt":"2020-10-14T15:09:42","guid":{"rendered":"https:\/\/www.poli.fr\/g\/?page_id=252"},"modified":"2022-05-26T18:54:03","modified_gmt":"2022-05-26T16:54:03","slug":"quelle-longueur-et-antiglisse-pour-un-cuissard-velo","status":"publish","type":"page","link":"https:\/\/www.poli.fr\/g\/quelle-longueur-et-antiglisse-pour-un-cuissard-velo\/","title":{"rendered":"Quelle longueur et antiglisse pour un cuissard v\u00e9lo ?"},"content":{"rendered":"<p><a href=\"https:\/\/www.poli.fr\/achat\/cuissard-velo-237.html\">Le cuissard pour le v\u00e9lo<\/a> est encore et toujours en \u00e9volution. Extr\u00eamement court \u00e0 son origine, le cuissard cycliste d\u2019aujourd\u2019hui atteint quasiment la longueur d\u2019un bermuda, juste au-dessus des genoux.<\/p>\n<p><a href=\"https:\/\/www.poli.fr\/g\/comment-bien-choisir-son-cuissard-de-velo\/\">Comment s\u2019y retrouver<\/a> dans toutes les longueurs propos\u00e9es \u00e0 la vente pour un cuissard\u00a0? On parle de confort, de maintien musculaire, de tendance chez les pros et aussi d\u2019un aspect beaucoup moins technique, plus esth\u00e9tique, le bronzage \u2026<\/p>\n<p><img loading=\"lazy\" class=\"alignnone size-full wp-image-722\" src=\"https:\/\/www.poli.fr\/g\/wp-content\/uploads\/2021\/01\/TM_165839.jpg\" alt=\"\" width=\"1000\" height=\"667\" srcset=\"https:\/\/www.poli.fr\/g\/wp-content\/uploads\/2021\/01\/TM_165839.jpg 1000w, https:\/\/www.poli.fr\/g\/wp-content\/uploads\/2021\/01\/TM_165839-300x200.jpg 300w, https:\/\/www.poli.fr\/g\/wp-content\/uploads\/2021\/01\/TM_165839-768x512.jpg 768w\" sizes=\"(max-width: 709px) 85vw, (max-width: 909px) 67vw, (max-width: 1362px) 62vw, 840px\" \/><\/p>\n<p>Pour les cyclistes les plus assidus, l\u2019esth\u00e9tisme seul ne suffit pas, il faudra tenir compte de plusieurs autres param\u00e8tres au moment de choisir son cuissard. Pour les intermittents de la bicyclette, la pr\u00e9f\u00e9rence sera moins technique, plus libre.<\/p>\n<p>Alors, comment faire son choix\u00a0?<\/p>\n<h2>Un cuissard court\u2026 de plus en plus long<\/h2>\n<p>Premi\u00e8res \u00e0 voir le jour, les culottes courtes des ann\u00e9es 70 ressemblaient plus \u00e0 un short qu\u2019\u00e0 un cuissard tel qu\u2019on le con\u00e7oit aujourd\u2019hui. Prenons le cas d\u2019Eddy Merckx et Luis Oca\u00f1a. Ces deux grands champions portaient des cuissards tellement courts qu\u2019ils couvraient \u00e0 peine la moiti\u00e9 de la cuisse. Les noms des sponsors inscrits perpendiculairement puis en parall\u00e8le au f\u00e9mur n\u2019\u00e9taient pas suffisamment visibles par le public.<\/p>\n<p><img loading=\"lazy\" class=\"alignnone size-full wp-image-725\" src=\"https:\/\/www.poli.fr\/g\/wp-content\/uploads\/2021\/01\/TMHX141152.jpg\" alt=\"\" width=\"1000\" height=\"615\" srcset=\"https:\/\/www.poli.fr\/g\/wp-content\/uploads\/2021\/01\/TMHX141152.jpg 1000w, https:\/\/www.poli.fr\/g\/wp-content\/uploads\/2021\/01\/TMHX141152-300x185.jpg 300w, https:\/\/www.poli.fr\/g\/wp-content\/uploads\/2021\/01\/TMHX141152-768x472.jpg 768w\" sizes=\"(max-width: 709px) 85vw, (max-width: 909px) 67vw, (max-width: 1362px) 62vw, 840px\" \/><\/p>\n<p>Avec la professionnalisation du cyclisme et la g\u00e9n\u00e9ralisation du sponsoring, les partenaires sont plus nombreux, les emplacements d\u00e9di\u00e9s doivent \u00eatre plus importants, tant pour les teams pro que dans les clubs. Le cuissard s\u2019est progressivement transform\u00e9, allong\u00e9 et embelli de larges bandes aux cuisses pour ces raisons publicitaires. Mais pas seulement \u2026.<\/p>\n<p>La <a href=\"https:\/\/www.poli.fr\/g\/questions-sante-cuissards-velo\/\">recherche m\u00e9dicale<\/a> avec l\u2019aide des coureurs professionnels, les analyses d\u2019ergonomie et d\u2019a\u00e9rodynamisme, ont eu elles aussi des r\u00e9percussions r\u00e9elles sur la longueur du cuissard de v\u00e9lo et sur l\u2019allure du cycliste. Pour atteindre la performance et la technicit\u00e9, moins \u00abcramer\u00bb sa masse musculaire, minimiser la fatigue musculaire et mieux r\u00e9cup\u00e9rer apr\u00e8s l\u2019effort, les r\u00e9sultats de ces \u00e9tudes sur le textile sont formels : les quadriceps doivent \u00eatre soutenus de fa\u00e7on homog\u00e8ne. Un cuissard de v\u00e9lo plus long maintient mieux les muscles, conserve leur chaleur \u00e9nerg\u00e9tique et aide \u00e0 la r\u00e9cup\u00e9ration.<\/p>\n<p><img loading=\"lazy\" class=\"alignnone size-full wp-image-726\" src=\"https:\/\/www.poli.fr\/g\/wp-content\/uploads\/2021\/01\/TMHX145248.jpg\" alt=\"\" width=\"1000\" height=\"306\" srcset=\"https:\/\/www.poli.fr\/g\/wp-content\/uploads\/2021\/01\/TMHX145248.jpg 1000w, https:\/\/www.poli.fr\/g\/wp-content\/uploads\/2021\/01\/TMHX145248-300x92.jpg 300w, https:\/\/www.poli.fr\/g\/wp-content\/uploads\/2021\/01\/TMHX145248-768x235.jpg 768w\" sizes=\"(max-width: 709px) 85vw, (max-width: 909px) 67vw, (max-width: 1362px) 62vw, 840px\" \/><\/p>\n<p>Pour une tenue plus douce et moins garrot, les anciens \u00e9lastiques en silicone (toujours utilis\u00e9s dans les gammes de cuissards basiques plus courts) ont vite \u00e9t\u00e9 remplac\u00e9s par des bandes antiglisse larges, plus confortables. Elles constituent un \u00e9l\u00e9ment tr\u00e8s pris\u00e9 dans l\u2019esth\u00e9tisme des cuissards d\u2019aujourd\u2019hui. Comme vu plus haut, cette technologie joue un r\u00f4le pr\u00e9pond\u00e9rant dans le confort du cycliste. R\u00e9alis\u00e9es en tissu extensible, ces bandes ajout\u00e9es en bas des cuisses se sont \u00e9largies progressivement, passant de 3cm \u00e0 4.5cm de largeur, jusqu\u2019\u00e0 parfois 7cm aujourd\u2019hui. Des points silicon\u00e9s plus ou moins gros en face int\u00e9rieure maintiennent le muscle, \u00e9vitent au cuissard de remonter et permettent \u00e0 la peau de rester en place. Ces bandes jouent ainsi leur r\u00f4le de compression\u00a0et leur r\u00f4le publicitaire.<\/p>\n<p><img loading=\"lazy\" class=\" wp-image-724 alignright\" src=\"https:\/\/www.poli.fr\/g\/wp-content\/uploads\/2021\/01\/IMG_2220.jpg\" alt=\"\" width=\"424\" height=\"565\" srcset=\"https:\/\/www.poli.fr\/g\/wp-content\/uploads\/2021\/01\/IMG_2220.jpg 500w, https:\/\/www.poli.fr\/g\/wp-content\/uploads\/2021\/01\/IMG_2220-225x300.jpg 225w\" sizes=\"(max-width: 424px) 85vw, 424px\" \/>Allong\u00e9s jusqu\u2019\u00e0 l\u2019emplacement de l\u2019insertion du quadriceps, les cuissards actuels semblent avoir trouv\u00e9 leur longueur id\u00e9ale. Les mod\u00e8les moyens et haut de gamme propos\u00e9s \u00e0 la vente aujourd\u2019hui ont une mesure d\u2019entrejambe variant entre 25 et 27cm (pour une T3 ou TM). Cette longueur convient \u00e0 tous, aussi bien hommes que femmes, si l\u2019on consid\u00e8re des statures similaires. Le principal \u00e9tant que la bande antiglisse plaque bien sur le muscle sans le compresser.<\/p>\n<p>Mais c\u2019est sans compter sur les pros, adeptes de l\u2019extr\u00eame et d\u2019un a\u00e9rodynamisme toujours plus \u00e9tudi\u00e9. Aujourd\u2019hui, on peut les voir en course portant un nouveau style de cuissard tr\u00e8s long, limite bermuda.<\/p>\n<p>Avec un entrejambe qui atteint les 33cm, ces nouveaux cuissards \u00ab\u00a0coupe franche\u00a0\u00bb ou \u00ab\u00a0clean cut\u00a0\u00bb sont plus compressifs, sans bande antiglisse et fr\u00f4lent la limite des tendons du genou. Pour \u00e9viter plus de d\u00e9bordements lors des comp\u00e9titions, l\u2019Union Cycliste Internationale (UCI) a d\u2019ailleurs d\u00fb pr\u00e9ciser dans son r\u00e8glement que \u00ab\u00a0Tout coureur doit porter en comp\u00e9tition un cuissard, \u00e9ventuellement en une seule pi\u00e8ce, appel\u00e9e combinaison. On entend par cuissard une culotte courte qui s\u2019arr\u00eate au-dessus des genoux\u00a0\u00bb.<\/p>\n<h2>Rechercher toujours plus de performance et avoir le look \u00ab\u00a0pro\u00a0\u00bb, c\u2019est possible.<\/h2>\n<p><img loading=\"lazy\" class=\"wp-image-934 alignleft\" src=\"https:\/\/www.poli.fr\/g\/wp-content\/uploads\/2021\/03\/cuissardlong.jpg\" alt=\"\" width=\"286\" height=\"381\" srcset=\"https:\/\/www.poli.fr\/g\/wp-content\/uploads\/2021\/03\/cuissardlong.jpg 500w, https:\/\/www.poli.fr\/g\/wp-content\/uploads\/2021\/03\/cuissardlong-225x300.jpg 225w\" sizes=\"(max-width: 286px) 85vw, 286px\" \/> <a href=\"https:\/\/www.poli.fr\/g\/le-cuissard-de-club\/\">Ces cuissards tr\u00e8s longs des pros<\/a> sont accessibles en vente pour tous. Il faudra quand m\u00eame bien v\u00e9rifier les longueurs d\u2019entrejambe et tour du genou pour s\u2019assurer de la bonne compression et du bon maintien pendant les sorties. Toutefois, cette longueur de cuissard ne convient pas \u00e0 toutes les statures.<\/p>\n<p>&nbsp;<\/p>\n<p>Pour les personnes plus petites, cette longueur excessive (33cm) ne sera pas adapt\u00e9e, ni m\u00eame celle interm\u00e9diaire (25\/27cm) : la bande antiglisse, pr\u00e9vue pour se positionner \u00e0 l\u2019insertion du quadriceps, va se placer trop bas et ne va pas se plaquer correctement sur le muscle, elle va flotter.<\/p>\n<p>Il faudra choisir un cuissard plus court avec entrejambe de 21\/23 cm. Cette longueur mi-cuisse est aussi celle propos\u00e9e dans les collections sp\u00e9cifiquement f\u00e9minines. Con\u00e7us dans un style moins masculin, plus esth\u00e9tique et sexy, cette longueur de cuissard permet aussi un bronzage moins caract\u00e9ristique.<\/p>\n<p>\u00c9l\u00e9ment cl\u00e9 de la tenue des cyclistes, le cuissard de v\u00e9lo s\u2019est adapt\u00e9 aux athl\u00e8tes et sportifs en tous genres. Avec ces diff\u00e9rentes longueurs possibles, il r\u00e9pond aux besoins de chacun et de chacune quel que soit sa morphologie et le niveau de sa pratique.<br \/>\nA une stature plus ou moins grande, \u00e0 un corps plus ou moins svelte et aff\u00fbt\u00e9, \u00e0 des sorties plus ou moins r\u00e9guli\u00e8res et techniques ou encore \u00e0 la recherche de la performance ou simplement de l\u2019esth\u00e9tisme. Le choix sera personnel, mais chacun trouvera SON cuissard.<\/p>\n","protected":false},"excerpt":{"rendered":"<p>Le cuissard pour le v\u00e9lo est encore et toujours en \u00e9volution. Extr\u00eamement court \u00e0 son origine, le cuissard cycliste d\u2019aujourd\u2019hui atteint quasiment la longueur d\u2019un bermuda, juste au-dessus des genoux. Comment s\u2019y retrouver dans toutes les longueurs propos\u00e9es \u00e0 la vente pour un cuissard\u00a0? On parle de confort, de maintien musculaire, de tendance chez les &hellip; <a href=\"https:\/\/www.poli.fr\/g\/quelle-longueur-et-antiglisse-pour-un-cuissard-velo\/\" class=\"more-link\">Continuer la lecture<span class=\"screen-reader-text\"> de &laquo;&nbsp;Quelle longueur et antiglisse pour un cuissard v\u00e9lo ?&nbsp;&raquo;<\/span><\/a><\/p>\n","protected":false},"author":6,"featured_media":0,"parent":0,"menu_order":0,"comment_status":"closed","ping_status":"closed","template":"templates\/grappe.php","meta":[],"_links":{"self":[{"href":"https:\/\/www.poli.fr\/g\/wp-json\/wp\/v2\/pages\/252"}],"collection":[{"href":"https:\/\/www.poli.fr\/g\/wp-json\/wp\/v2\/pages"}],"about":[{"href":"https:\/\/www.poli.fr\/g\/wp-json\/wp\/v2\/types\/page"}],"author":[{"embeddable":true,"href":"https:\/\/www.poli.fr\/g\/wp-json\/wp\/v2\/users\/6"}],"replies":[{"embeddable":true,"href":"https:\/\/www.poli.fr\/g\/wp-json\/wp\/v2\/comments?post=252"}],"version-history":[{"count":15,"href":"https:\/\/www.poli.fr\/g\/wp-json\/wp\/v2\/pages\/252\/revisions"}],"predecessor-version":[{"id":1080,"href":"https:\/\/www.poli.fr\/g\/wp-json\/wp\/v2\/pages\/252\/revisions\/1080"}],"wp:attachment":[{"href":"https:\/\/www.poli.fr\/g\/wp-json\/wp\/v2\/media?parent=252"}],"curies":[{"name":"wp","href":"https:\/\/api.w.org\/{rel}","templated":true}]}}