{"id":248,"date":"2020-10-14T17:07:40","date_gmt":"2020-10-14T15:07:40","guid":{"rendered":"https:\/\/www.poli.fr\/g\/?page_id=248"},"modified":"2022-05-26T18:54:31","modified_gmt":"2022-05-26T16:54:31","slug":"quelles-sont-les-differences-entre-un-cuissard-homme-femme-et-enfant","status":"publish","type":"page","link":"https:\/\/www.poli.fr\/g\/quelles-sont-les-differences-entre-un-cuissard-homme-femme-et-enfant\/","title":{"rendered":"Quelles sont les diff\u00e9rences entre un cuissard homme, femme et enfant ?"},"content":{"rendered":"<p>Peau, longueur de cuisse, bretelles, les sp\u00e9cificit\u00e9s du cuissard varient en fonction du sexe mais \u00e9galement en fonction de l&rsquo;\u00e2ge du cycliste.<br \/>\nLe genre, le poids et la taille sont des facteurs d\u00e9terminants lors du <a href=\"https:\/\/www.poli.fr\/g\/comment-bien-choisir-son-cuissard-de-velo\/\">choix d&rsquo;un cuissard<\/a>.<\/p>\n<p><img loading=\"lazy\" class=\"alignnone size-full wp-image-316\" src=\"https:\/\/www.poli.fr\/g\/wp-content\/uploads\/2020\/10\/AA5A3823.jpg\" alt=\"\" width=\"1000\" height=\"476\" srcset=\"https:\/\/www.poli.fr\/g\/wp-content\/uploads\/2020\/10\/AA5A3823.jpg 1000w, https:\/\/www.poli.fr\/g\/wp-content\/uploads\/2020\/10\/AA5A3823-300x143.jpg 300w, https:\/\/www.poli.fr\/g\/wp-content\/uploads\/2020\/10\/AA5A3823-768x366.jpg 768w\" sizes=\"(max-width: 709px) 85vw, (max-width: 909px) 67vw, (max-width: 1362px) 62vw, 840px\" \/><\/p>\n<h2>Le cuissard de v\u00e9lo homme<\/h2>\n<p>La conformation anatomique et osseuse des hommes et des femmes \u00e9tant tr\u00e8s diff\u00e9rente, il est important de choisir un cuissard adapt\u00e9 \u00e0 son genre et \u00e0 sa morphologie.<br \/>\n<a href=\"https:\/\/www.poli.fr\/g\/quelle-longueur-et-antiglisse-pour-un-cuissard-velo\/\">Le cuissard de v\u00e9lo pour homme est g\u00e9n\u00e9ralement plus long qu\u2019un cuissard f\u00e9minin<\/a>. Cette caract\u00e9ristique tient plus d&rsquo;une tendance de mode que d&rsquo;une n\u00e9cessit\u00e9 anatomique. Les femmes pr\u00e9f\u00e8rent le plus souvent porter un cuissard assez court, plus f\u00e9minin et ayant une d\u00e9marcation \u00ab\u00a0bronzage\u00a0\u00bb plus haute, moins visible.<\/p>\n<p>Pour un meilleur confort, les hommes pr\u00e9f\u00e8rent un <a href=\"https:\/\/www.poli.fr\/g\/pourquoi-faut-il-des-bretelles-sur-un-cuissard\/\">cuissard avec des bretelles<\/a>. Aucun \u00e9lastique taille ne vient couper l\u2019abdomen et ces bretelles permettent au cuissard d\u2019\u00eatre \u00ab\u00a0bien en place\u00a0\u00bb. Il est important de veiller \u00e0 ce que ces derni\u00e8res soient souples et a\u00e9r\u00e9es afin qu\u2019elles soient agr\u00e9ables \u00e0 porter. Certains cuissards homme sont toutefois disponibles sans bretelles pour ceux qui pourraient ressentir une g\u00eane. Certaines marques proposent des cuissards longs avec fermeture \u00e9clair pour faciliter les pauses \u00ab\u00a0Pipi\u00a0\u00bb de ces messieurs.<\/p>\n<figure id=\"attachment_298\" aria-describedby=\"caption-attachment-298\" style=\"width: 1000px\" class=\"wp-caption alignnone\"><img loading=\"lazy\" class=\"wp-image-298 size-full\" src=\"https:\/\/www.poli.fr\/g\/wp-content\/uploads\/2020\/10\/0A1A1281-TEAM-POLI-LOOK.jpg\" alt=\"\" width=\"1000\" height=\"667\" srcset=\"https:\/\/www.poli.fr\/g\/wp-content\/uploads\/2020\/10\/0A1A1281-TEAM-POLI-LOOK.jpg 1000w, https:\/\/www.poli.fr\/g\/wp-content\/uploads\/2020\/10\/0A1A1281-TEAM-POLI-LOOK-300x200.jpg 300w, https:\/\/www.poli.fr\/g\/wp-content\/uploads\/2020\/10\/0A1A1281-TEAM-POLI-LOOK-768x512.jpg 768w\" sizes=\"(max-width: 709px) 85vw, (max-width: 909px) 67vw, (max-width: 1362px) 62vw, 840px\" \/><figcaption id=\"caption-attachment-298\" class=\"wp-caption-text\">Cuissard de cyclisme pour homme<\/figcaption><\/figure>\n<p>Quant \u00e0 l&rsquo;assise sur la selle, les points d\u2019appui masculins \u00e9tant diff\u00e9rents, <a href=\"https:\/\/www.poli.fr\/g\/choisir-peau-chamois-cuissard-velo\/\">il faudra choisir une peau de chamois sp\u00e9cifique<\/a>, \u00e9tudi\u00e9e pour l\u2019anatomie de l\u2019homme (Selon la qualit\u00e9 de la peau, certaines sont d\u2019utilisation mixte).<br \/>\nPour l\u2019homme, les inserts p\u00e9rin\u00e9aux \u00e0 densit\u00e9 tr\u00e8s \u00e9lev\u00e9e seront positionn\u00e9s au niveau des principaux points de pression. Les peaux homme seront plus longues afin de prot\u00e9ger toute la zone d&rsquo;amorti. Elles seront \u00e9galement dot\u00e9es d&rsquo;un canal central qui am\u00e9liore la circulation sanguine, favorise la r\u00e9duction de la pression et de l\u2019engourdissement.<br \/>\nLa discipline pratiqu\u00e9e (V\u00e9t\u00e9tistes, coursiers ou triathl\u00e8tes n\u2019ont pas la m\u00eame position sur leur v\u00e9lo donc pas la m\u00eame peau), la fr\u00e9quence et les dur\u00e9es des sorties sont elles aussi tr\u00e8s importantes dans le choix final d\u2019un cuissard.<\/p>\n<h2>Le cuissard de v\u00e9lo femme<\/h2>\n<p>Le cyclisme f\u00e9minin est depuis quelques ann\u00e9es en pleine expansion. Les femmes partent \u00e0 la conqu\u00eate des routes \u00e0 v\u00e9lo. On constate clairement ce nouvel engouement port\u00e9 par le d\u00e9veloppement d\u2019\u00e9quipes cyclistes f\u00e9minines professionnelles telles que la FDJ &#8211; NOUVELLE AQUITAINE \u2013 FUTUROSCOPE.<\/p>\n<p>L&rsquo;anatomie f\u00e9minine requiert lui aussi une tenue adapt\u00e9e\u00a0: poitrine et taille plus fines, des hanches plus larges, des longueurs de jambe souvent plus courtes et une position en selle sp\u00e9cifique \u00e0 la femme, les \u00e9quipementiers ont su proposer \u00e0 cette nouvelle cliente exigeante des cuissards tr\u00e8s f\u00e9minins.<\/p>\n<figure id=\"attachment_317\" aria-describedby=\"caption-attachment-317\" style=\"width: 1000px\" class=\"wp-caption alignnone\"><img loading=\"lazy\" class=\"wp-image-317 size-full\" src=\"https:\/\/www.poli.fr\/g\/wp-content\/uploads\/2020\/10\/AA5A4208.jpg\" alt=\"\" width=\"1000\" height=\"589\" srcset=\"https:\/\/www.poli.fr\/g\/wp-content\/uploads\/2020\/10\/AA5A4208.jpg 1000w, https:\/\/www.poli.fr\/g\/wp-content\/uploads\/2020\/10\/AA5A4208-300x177.jpg 300w, https:\/\/www.poli.fr\/g\/wp-content\/uploads\/2020\/10\/AA5A4208-768x452.jpg 768w\" sizes=\"(max-width: 709px) 85vw, (max-width: 909px) 67vw, (max-width: 1362px) 62vw, 840px\" \/><figcaption id=\"caption-attachment-317\" class=\"wp-caption-text\">Cuissard de v\u00e9lo sp\u00e9cialement d\u00e9velopp\u00e9 pour les femmes<\/figcaption><\/figure>\n<p>Premier point tr\u00e8s visible, la longueur du cuissard. Alors que chez l&rsquo;homme la tendance s\u2019allonge, juste au-dessus du genou, pour les femmes, les cuissards restent assez courts. Bien que cela\u00a0d\u00e9pende des go\u00fbts et de la pratique sportive de chacune, une femme veut rester f\u00e9minine sur un v\u00e9lo et \u00e9viter le bronzage \u00ab\u00a0cycliste\u00a0\u00bb \u2026. Il faut toutefois qu&rsquo;il descende au moins jusqu\u2019\u00e0 mi-cuisse, afin d&rsquo;\u00e9viter les frottements et les irritations de la selle au niveau des adducteurs.<\/p>\n<p>La poitrine de la femme requiert \u00e9galement un traitement particulier, les bretelles d\u2019un cuissard sp\u00e9cifique femme seront diff\u00e9rentes. Bien que la plupart des cuissards propos\u00e9s aux femmes soient justement sans bretelles (pour faciliter la fameuse pause \u00ab pipi \u00bb et ne pas \u00eatre \u00e0 l&rsquo;origine d&rsquo;une g\u00eane), certaines marques ont choisi un emplacement bretelles centr\u00e9 entre les seins ou encore d\u00e9cal\u00e9 vers les c\u00f4t\u00e9s pour ne pas compresser la poitrine. Il existe aussi des cuissards \u00e0 bretelles amovibles.<br \/>\nQuant au confort sur la selle, la peau aura des rembourrages positionn\u00e9s selon les param\u00e8tres anthropom\u00e9triques des femmes.\u00a0 La zone uro-g\u00e9nitale \u00e9tant diff\u00e9rente de celle de l\u2019homme, les peaux femme sont plus courtes et n\u2019ont pas de canal central, inadapt\u00e9 \u00e0 l&rsquo;anatomie f\u00e9minine.<br \/>\nLa rotation des os pelviens pendant le p\u00e9dalage va exercer une pression sur la r\u00e9gion p\u00e9rin\u00e9ale ce qui n\u00e9cessite de prot\u00e9ger cette zone afin d&rsquo;apporter \u00e0 la cycliste un maximum de confort tout en r\u00e9duisant l\u2019engourdissement. Les peaux \u00e9tudi\u00e9es pour la femme sont un vrai plus pour les sorties longues.<\/p>\n<h2>Le cuissard de v\u00e9lo enfant<\/h2>\n<p>Le cuissard enfant (sans distinction gar\u00e7on\/fille) se diff\u00e9rencie bien s\u00fbr par sa taille mais aussi par sa conception. Propos\u00e9s le plus g\u00e9n\u00e9ralement sans bretelles, c\u2019est la version miniature du cuissard classique homme.<\/p>\n<figure id=\"attachment_315\" aria-describedby=\"caption-attachment-315\" style=\"width: 1000px\" class=\"wp-caption alignnone\"><img loading=\"lazy\" class=\"wp-image-315 size-full\" src=\"https:\/\/www.poli.fr\/g\/wp-content\/uploads\/2020\/10\/17522956_10210050934004287_5429422507515907372_n.jpg\" alt=\"\" width=\"1000\" height=\"586\" srcset=\"https:\/\/www.poli.fr\/g\/wp-content\/uploads\/2020\/10\/17522956_10210050934004287_5429422507515907372_n.jpg 1000w, https:\/\/www.poli.fr\/g\/wp-content\/uploads\/2020\/10\/17522956_10210050934004287_5429422507515907372_n-300x176.jpg 300w, https:\/\/www.poli.fr\/g\/wp-content\/uploads\/2020\/10\/17522956_10210050934004287_5429422507515907372_n-768x450.jpg 768w\" sizes=\"(max-width: 709px) 85vw, (max-width: 909px) 67vw, (max-width: 1362px) 62vw, 840px\" \/><figcaption id=\"caption-attachment-315\" class=\"wp-caption-text\">Club de VTT enfant \u00e9quip\u00e9 en Poli<\/figcaption><\/figure>\n<p>Les enfants \u00e9tant plus l\u00e9gers et faisant des sorties assez courtes, les peaux ont \u00e9t\u00e9 adapt\u00e9es. Dites \u00ab\u00a0junior\u00a0\u00bb, ces peaux sont plus petites et avec une densit\u00e9 de mousse moins importante.<br \/>\nLes cyclistes en herbe ont besoin de tenues adapt\u00e9es \u00e0 la pratique de leur sport, cyclisme, VTT ou triathlon. La plupart des marques proposent des cuissards pour les enfants \u00e0 partir de 6 ans.<\/p>\n","protected":false},"excerpt":{"rendered":"<p>Peau, longueur de cuisse, bretelles, les sp\u00e9cificit\u00e9s du cuissard varient en fonction du sexe mais \u00e9galement en fonction de l&rsquo;\u00e2ge du cycliste. Le genre, le poids et la taille sont des facteurs d\u00e9terminants lors du choix d&rsquo;un cuissard. Le cuissard de v\u00e9lo homme La conformation anatomique et osseuse des hommes et des femmes \u00e9tant tr\u00e8s &hellip; <a href=\"https:\/\/www.poli.fr\/g\/quelles-sont-les-differences-entre-un-cuissard-homme-femme-et-enfant\/\" class=\"more-link\">Continuer la lecture<span class=\"screen-reader-text\"> de &laquo;&nbsp;Quelles sont les diff\u00e9rences entre un cuissard homme, femme et enfant ?&nbsp;&raquo;<\/span><\/a><\/p>\n","protected":false},"author":6,"featured_media":0,"parent":0,"menu_order":0,"comment_status":"closed","ping_status":"closed","template":"templates\/grappe.php","meta":[],"_links":{"self":[{"href":"https:\/\/www.poli.fr\/g\/wp-json\/wp\/v2\/pages\/248"}],"collection":[{"href":"https:\/\/www.poli.fr\/g\/wp-json\/wp\/v2\/pages"}],"about":[{"href":"https:\/\/www.poli.fr\/g\/wp-json\/wp\/v2\/types\/page"}],"author":[{"embeddable":true,"href":"https:\/\/www.poli.fr\/g\/wp-json\/wp\/v2\/users\/6"}],"replies":[{"embeddable":true,"href":"https:\/\/www.poli.fr\/g\/wp-json\/wp\/v2\/comments?post=248"}],"version-history":[{"count":12,"href":"https:\/\/www.poli.fr\/g\/wp-json\/wp\/v2\/pages\/248\/revisions"}],"predecessor-version":[{"id":1084,"href":"https:\/\/www.poli.fr\/g\/wp-json\/wp\/v2\/pages\/248\/revisions\/1084"}],"wp:attachment":[{"href":"https:\/\/www.poli.fr\/g\/wp-json\/wp\/v2\/media?parent=248"}],"curies":[{"name":"wp","href":"https:\/\/api.w.org\/{rel}","templated":true}]}}