{"id":244,"date":"2020-10-14T16:45:52","date_gmt":"2020-10-14T14:45:52","guid":{"rendered":"https:\/\/www.poli.fr\/g\/?page_id=244"},"modified":"2022-05-26T18:55:03","modified_gmt":"2022-05-26T16:55:03","slug":"comment-choisir-la-taille-dun-cuissard-de-velo","status":"publish","type":"page","link":"https:\/\/www.poli.fr\/g\/comment-choisir-la-taille-dun-cuissard-de-velo\/","title":{"rendered":"Comment choisir la taille d\u2019un cuissard de v\u00e9lo ?"},"content":{"rendered":"<p>Le <a href=\"https:\/\/www.poli.fr\/g\/comment-bien-choisir-son-cuissard-de-velo\/\">choix d\u2019un cuissard de v\u00e9lo<\/a> peut para\u00eetre futile, mais cette \u00e9tape est fondamentale. Ne pas trop r\u00e9fl\u00e9chir au moment de l\u2019essayage et de l\u2019achat peut avoir des cons\u00e9quences sur votre sant\u00e9. Il est donc important de pr\u00eater attention \u00e0 certains d\u00e9tails et \u00e0 la mani\u00e8re d\u2019essayer votre futur \u00e9quipement. Il en va de votre confort.<\/p>\n<p>Votre taille d\u00e9pend \u00e9galement du mod\u00e8le de l\u2019insert : les fibres d\u2019\u00e9lasticit\u00e9, les moulages de coques morphologiques, les mousses et le gel peuvent varier. Les achats sur internet ne sont pas toujours conseill\u00e9s non plus : les tailles n\u2019\u00e9tant pas toujours prises de la bonne mani\u00e8re, les cuissards ne peuvent pas convenir. La morphologie joue \u00e9galement un r\u00f4le dans l\u2019essayage du cuissard.<\/p>\n<p><img loading=\"lazy\" class=\"alignnone size-full wp-image-684\" src=\"https:\/\/www.poli.fr\/g\/wp-content\/uploads\/2021\/01\/TMHX145448.jpg\" alt=\"\" width=\"1000\" height=\"667\" srcset=\"https:\/\/www.poli.fr\/g\/wp-content\/uploads\/2021\/01\/TMHX145448.jpg 1000w, https:\/\/www.poli.fr\/g\/wp-content\/uploads\/2021\/01\/TMHX145448-300x200.jpg 300w, https:\/\/www.poli.fr\/g\/wp-content\/uploads\/2021\/01\/TMHX145448-768x512.jpg 768w\" sizes=\"(max-width: 709px) 85vw, (max-width: 909px) 67vw, (max-width: 1362px) 62vw, 840px\" \/><\/p>\n<h2>Un cuissard bien ajust\u00e9<\/h2>\n<p>Un cuissard de v\u00e9lo s\u2019essaie toujours en position de cycliste, c\u2019est-\u00e0-dire en se penchant vers l\u2019avant. S\u2019il remonte lorsque vous vous penchez, ou si la peau de chamois se d\u00e9place, alors il est trop grand. Cela peut \u00eatre une source de frottements, et vous seriez amen\u00e9s \u00e0 constamment le remettre en place durant votre sortie. S\u2019il vous serre les cuisses, si les bretelles vous cisaillent ou si les coutures sont trop tendues, alors le cuissard est trop petit. Il risquerait alors de couper la circulation sanguine. <strong>L\u2019id\u00e9al est d\u2019essayer la taille en dessous et la taille au-dessus pour pouvoir comparer les sensations<\/strong>.<\/p>\n<p>Les cuissards en Lycra sont tr\u00e8s extensibles, ils conviennent \u00e0 la majorit\u00e9 des sportifs. L\u2019avantage du Lycra est sa grande libert\u00e9 de mouvement et son bon soutien. Il compresse les jambes et aide, par cons\u00e9quent, \u00e0 am\u00e9liorer la circulation sanguine vers les muscles et r\u00e9duit la fatigue. L\u2019<a href=\"https:\/\/www.poli.fr\/g\/choisir-peau-chamois-cuissard-velo\/\">insert en peau de chamois<\/a> doit \u00eatre l\u00e9g\u00e8rement tendu \u00e0 l&rsquo;entrejambe pour qu\u2019il puisse prot\u00e9ger le cycliste et pour qu\u2019il soit performant. Les cuissards sont plus efficaces lorsqu&rsquo;ils sont parfaitement ajust\u00e9s au corps.<\/p>\n<p><img loading=\"lazy\" class=\"alignnone size-full wp-image-683\" src=\"https:\/\/www.poli.fr\/g\/wp-content\/uploads\/2021\/01\/TMHX144046.jpg\" alt=\"\" width=\"1000\" height=\"667\" srcset=\"https:\/\/www.poli.fr\/g\/wp-content\/uploads\/2021\/01\/TMHX144046.jpg 1000w, https:\/\/www.poli.fr\/g\/wp-content\/uploads\/2021\/01\/TMHX144046-300x200.jpg 300w, https:\/\/www.poli.fr\/g\/wp-content\/uploads\/2021\/01\/TMHX144046-768x512.jpg 768w\" sizes=\"(max-width: 709px) 85vw, (max-width: 909px) 67vw, (max-width: 1362px) 62vw, 840px\" \/><\/p>\n<p>Par ailleurs, dans la mesure du possible, il est pr\u00e9f\u00e9rable d\u2019essayer son cuissard sur place. Lors d\u2019achats en ligne, les tailles sont choisies \u2018\u2019\u00e0 peu pr\u00e8s\u2019\u2019 par l\u2019acheteur et ne peuvent parfois pas convenir avec sa morphologie. Heureusement, de nombreuses marques et plateformes de vente permettent le retour.<\/p>\n<h2>La prise de mesures<\/h2>\n<p>Les mesures doivent \u00eatre prises sans serrer, aussi bien pour le maillot que pour le cuissard. D\u2019ailleurs, le maillot et le cuissard sont souvent achet\u00e9s ensemble, donc l\u2019enti\u00e8ret\u00e9 des mesures est prise au m\u00eame moment. Tenez votre attention \u00e0 l\u2019\u00e9volution de votre morphologie. A chaque changement de cuissard, reprenez vos mesures. Soyez attentifs \u00e0 la taille du cuissard, qui peut \u00eatre diff\u00e9rente de celle du maillot.<\/p>\n<p>La prise de mesures s\u2019effectue en trois \u00e9tapes. L\u00e0 o\u00f9, pour le maillot, on prend le tour de poitrine, ce n\u2019est pas n\u00e9cessaire lors de l\u2019achat d\u2019un cuissard. On prend le tour de taille (au niveau du nombril), le tour de ceinture (\u00e0 l\u2019endroit o\u00f9 vous portez la ceinture), le tour d\u2019antiglisse (sous le muscle du quadriceps) et le tour de cuisse. C\u2019est la mesure la plus importante, car la bretelle est suffisamment souple pour s\u2019adapter \u00e0 la taille de l\u2019individu. A noter que ces mesures doivent \u00eatre prises sans serrer.<\/p>\n<p><img loading=\"lazy\" class=\"alignnone size-full wp-image-681\" src=\"https:\/\/www.poli.fr\/g\/wp-content\/uploads\/2021\/01\/silouhette-FR.jpg\" alt=\"\" width=\"1000\" height=\"563\" srcset=\"https:\/\/www.poli.fr\/g\/wp-content\/uploads\/2021\/01\/silouhette-FR.jpg 1000w, https:\/\/www.poli.fr\/g\/wp-content\/uploads\/2021\/01\/silouhette-FR-300x169.jpg 300w, https:\/\/www.poli.fr\/g\/wp-content\/uploads\/2021\/01\/silouhette-FR-768x432.jpg 768w\" sizes=\"(max-width: 709px) 85vw, (max-width: 909px) 67vw, (max-width: 1362px) 62vw, 840px\" \/><\/p>\n<h2>Une grille de tailles qui d\u00e9pend des fabricants<\/h2>\n<p>Il n&rsquo;y a pas de guide de tailles universel. Les coupes et les tailles d&rsquo;un v\u00eatement ne sont pas les m\u00eames d&rsquo;un fabricant \u00e0 l\u2019autre. M\u00eame si vous avez l&rsquo;habitude de porter une taille, nous vous recommandons vivement de prendre vos mensurations si vous changez de marque. Le guide des tailles est \u00e0 analyser \u00e0 chaque changement de fabricant.<\/p>\n<p>Bien choisir la taille de son cuissard de v\u00e9lo est important pour votre confort. On n\u2019ach\u00e8te pas un cuissard comme on ach\u00e8te du beurre au supermarch\u00e9 ! Choisir une taille ad\u00e9quate passe par des prises de mesure, que l\u2019on doit reprendre avant chaque achat, pour vous assurer que votre morphologie n\u2019a pas chang\u00e9. C\u2019est aussi important pour ne pas se tromper de taille chez un autre fournisseur, car la mani\u00e8re de tailler n\u2019est pas toujours la m\u00eame. Ces quelques pr\u00e9cautions sont essentielles pour vous \u00e9viter des ennuis de sant\u00e9 ou des g\u00eanes lors de vos sorties.<\/p>\n","protected":false},"excerpt":{"rendered":"<p>Le choix d\u2019un cuissard de v\u00e9lo peut para\u00eetre futile, mais cette \u00e9tape est fondamentale. Ne pas trop r\u00e9fl\u00e9chir au moment de l\u2019essayage et de l\u2019achat peut avoir des cons\u00e9quences sur votre sant\u00e9. Il est donc important de pr\u00eater attention \u00e0 certains d\u00e9tails et \u00e0 la mani\u00e8re d\u2019essayer votre futur \u00e9quipement. Il en va de votre &hellip; <a href=\"https:\/\/www.poli.fr\/g\/comment-choisir-la-taille-dun-cuissard-de-velo\/\" class=\"more-link\">Continuer la lecture<span class=\"screen-reader-text\"> de &laquo;&nbsp;Comment choisir la taille d\u2019un cuissard de v\u00e9lo ?&nbsp;&raquo;<\/span><\/a><\/p>\n","protected":false},"author":6,"featured_media":0,"parent":0,"menu_order":0,"comment_status":"closed","ping_status":"closed","template":"templates\/grappe.php","meta":[],"_links":{"self":[{"href":"https:\/\/www.poli.fr\/g\/wp-json\/wp\/v2\/pages\/244"}],"collection":[{"href":"https:\/\/www.poli.fr\/g\/wp-json\/wp\/v2\/pages"}],"about":[{"href":"https:\/\/www.poli.fr\/g\/wp-json\/wp\/v2\/types\/page"}],"author":[{"embeddable":true,"href":"https:\/\/www.poli.fr\/g\/wp-json\/wp\/v2\/users\/6"}],"replies":[{"embeddable":true,"href":"https:\/\/www.poli.fr\/g\/wp-json\/wp\/v2\/comments?post=244"}],"version-history":[{"count":10,"href":"https:\/\/www.poli.fr\/g\/wp-json\/wp\/v2\/pages\/244\/revisions"}],"predecessor-version":[{"id":1086,"href":"https:\/\/www.poli.fr\/g\/wp-json\/wp\/v2\/pages\/244\/revisions\/1086"}],"wp:attachment":[{"href":"https:\/\/www.poli.fr\/g\/wp-json\/wp\/v2\/media?parent=244"}],"curies":[{"name":"wp","href":"https:\/\/api.w.org\/{rel}","templated":true}]}}