{"id":139,"date":"2020-09-25T13:44:40","date_gmt":"2020-09-25T11:44:40","guid":{"rendered":"https:\/\/www.poli.fr\/g\/?page_id=139"},"modified":"2022-05-26T18:59:58","modified_gmt":"2022-05-26T16:59:58","slug":"histoire-cuissard-velo","status":"publish","type":"page","link":"https:\/\/www.poli.fr\/g\/histoire-cuissard-velo\/","title":{"rendered":"L\u2019histoire du cuissard de v\u00e9lo"},"content":{"rendered":"<p>Le <a href=\"https:\/\/www.poli.fr\/achat\/cuissard-velo-237.html\">cuissard pour v\u00e9lo<\/a> est le produit essentiel de la tenue du cycliste. Il est au centre de toutes les attentions car son choix est d\u00e9terminant pour la pratique du cyclisme. Source de confort, de performance mais aussi de style, le cuissard de v\u00e9lo accompagne le cycliste lors de ses sorties.<\/p>\n<p>Mais depuis combien de temps existe-t-il? Comment a-t-il \u00e9volu\u00e9 au fil des ann\u00e9es? A-t-il impact\u00e9 le monde de la mode plus largement qu&rsquo;au niveau du sport? C&rsquo;est \u00e0 toutes ces questions que nous allons r\u00e9pondre dans <a href=\"https:\/\/www.poli.fr\/g\/tout-sur-cuissard-velo\/\">ce guide pour le choix d&rsquo;un cuissard<\/a> \u00e0 travers un focus sur <strong>l&rsquo;histoire du cuissard de v\u00e9lo<\/strong>.<\/p>\n<p><img loading=\"lazy\" class=\"alignnone size-full wp-image-773\" src=\"https:\/\/www.poli.fr\/g\/wp-content\/uploads\/2021\/02\/TMHX142123-2.jpg\" alt=\"\" width=\"1000\" height=\"667\" srcset=\"https:\/\/www.poli.fr\/g\/wp-content\/uploads\/2021\/02\/TMHX142123-2.jpg 1000w, https:\/\/www.poli.fr\/g\/wp-content\/uploads\/2021\/02\/TMHX142123-2-300x200.jpg 300w, https:\/\/www.poli.fr\/g\/wp-content\/uploads\/2021\/02\/TMHX142123-2-768x512.jpg 768w\" sizes=\"(max-width: 709px) 85vw, (max-width: 909px) 67vw, (max-width: 1362px) 62vw, 840px\" \/><\/p>\n<h2>Les origines du cuissard de v\u00e9lo<\/h2>\n<p>D\u00e9couvrez l&rsquo;\u00e9volution de cette invention du XX\u00e8me si\u00e8cle qui a r\u00e9volutionn\u00e9 le monde du cyclisme. De ses d\u00e9buts en laine \u00e0 ses mati\u00e8res techniques d&rsquo;aujourd&rsquo;hui, le cuissard de v\u00e9lo n&rsquo;a jamais cess\u00e9 de se perfectionner pour r\u00e9pondre aux besoins et attentes des cyclistes. Chaque innovation a \u00e9t\u00e9 port\u00e9e par des cyclistes professionnels et des marques qui ensemble \u00e9taient en recherche de plus de performance et de confort. La peau de chamois a elle aussi bien \u00e9volu\u00e9 depuis son apparition et joue un r\u00f4le d\u00e9terminant dans le choix du cuissard.<\/p>\n<p><strong>&gt; <a href=\"https:\/\/www.poli.fr\/g\/les-origines-du-cuissard-de-velo\/\">Une histoire du cuissard passionnante qui n&rsquo;est pas pr\u00eate de s&rsquo;arr\u00eater<\/a><\/strong><\/p>\n<p><img loading=\"lazy\" class=\"alignnone size-full wp-image-764\" src=\"https:\/\/www.poli.fr\/g\/wp-content\/uploads\/2021\/02\/vintage4.jpg\" alt=\"\" width=\"979\" height=\"725\" srcset=\"https:\/\/www.poli.fr\/g\/wp-content\/uploads\/2021\/02\/vintage4.jpg 979w, https:\/\/www.poli.fr\/g\/wp-content\/uploads\/2021\/02\/vintage4-300x222.jpg 300w, https:\/\/www.poli.fr\/g\/wp-content\/uploads\/2021\/02\/vintage4-768x569.jpg 768w\" sizes=\"(max-width: 709px) 85vw, (max-width: 909px) 67vw, (max-width: 1362px) 62vw, 840px\" \/><\/p>\n<h2>Le cycliste dans l&rsquo;univers de la mode<\/h2>\n<p>Commun\u00e9ment appel\u00e9 \u00ab\u00a0le cycliste\u00a0\u00bb, le cuissard de v\u00e9lo fait partie de notre garde-robe depuis les ann\u00e9es 80. Ce short n&rsquo;est pas rest\u00e9 cantonn\u00e9 au domaine du sport et a franchi les fronti\u00e8res pour conqu\u00e9rir les modeuses \u00e0 travers les ann\u00e9es. Flashy, extensible et moulant, il connait son apog\u00e9e dans les ann\u00e9es 80. Mais son incroyable confort et ses infinies possibilit\u00e9s d&rsquo;associations et de look le remettent sur le devant de la sc\u00e8ne aujourd&rsquo;hui. Pl\u00e9biscit\u00e9e par de nombreuses blogueuses ou instagrameuse, le cycliste est un v\u00e9ritable cam\u00e9l\u00e9on pouvant tour \u00e0 tour \u00eatre chic, glamour, sexy ou sportswear.<\/p>\n<p><strong>&gt; <a href=\"https:\/\/www.poli.fr\/g\/le-cycliste-dans-lunivers-de-la-mode\/\">La mode et le cuissard cycliste<\/a><\/strong><\/p>\n<p><img loading=\"lazy\" class=\"alignnone size-full wp-image-766\" src=\"https:\/\/www.poli.fr\/g\/wp-content\/uploads\/2021\/02\/0A1A1523-TEAM-POLI-LOOK.jpg\" alt=\"\" width=\"1000\" height=\"637\" srcset=\"https:\/\/www.poli.fr\/g\/wp-content\/uploads\/2021\/02\/0A1A1523-TEAM-POLI-LOOK.jpg 1000w, https:\/\/www.poli.fr\/g\/wp-content\/uploads\/2021\/02\/0A1A1523-TEAM-POLI-LOOK-300x191.jpg 300w, https:\/\/www.poli.fr\/g\/wp-content\/uploads\/2021\/02\/0A1A1523-TEAM-POLI-LOOK-768x489.jpg 768w\" sizes=\"(max-width: 709px) 85vw, (max-width: 909px) 67vw, (max-width: 1362px) 62vw, 840px\" \/><\/p>\n<h2>Le cuissard de club<\/h2>\n<p>En parall\u00e8le de l&rsquo;histoire du cuissard cycliste traditionnel, le cuissard de club a lui aussi connu ses propres \u00e9volutions. Les clubs, \u00e9quipes et associations cyclistes ont tr\u00e8s vite utilis\u00e9 ce v\u00eatement, tout comme le maillot de v\u00e9lo, pour s&rsquo;identifier et f\u00e9d\u00e9rer leurs membres sous une m\u00eame couleur. \u00a0La tenue du cycliste de club est donc devenue un moyen de diff\u00e9renciation, un symbole d&rsquo;appartenance \u00e0 un groupe. Mais le cuissard de club est aussi une vitrine pour afficher les logos des sponsors et leur offrir une belle visibilit\u00e9. Aujourd&rsquo;hui les possibilit\u00e9s techniques et la personnalisation sans limite avec la sublimation permettent aux clubs de cr\u00e9er un cuissard unique parfaitement adapt\u00e9 \u00e0 leurs besoins et \u00e0 leur pratique.<\/p>\n<p><strong>&gt; <a href=\"https:\/\/www.poli.fr\/g\/le-cuissard-de-club\/\">En savoir plus sur le cuissard de club<\/a><\/strong><\/p>\n<p>&nbsp;<\/p>\n<p>A travers les ann\u00e9es le cuissard de v\u00e9lo n&rsquo;a jamais cess\u00e9 de nous surprendre et de se r\u00e9inventer. Les prochaines ann\u00e9es seront \u00e0 n&rsquo;en pas douter encore riches en \u00e9volutions et innovations pour cette ic\u00f4ne de la tenue cycliste.<\/p>\n","protected":false},"excerpt":{"rendered":"<p>Le cuissard pour v\u00e9lo est le produit essentiel de la tenue du cycliste. Il est au centre de toutes les attentions car son choix est d\u00e9terminant pour la pratique du cyclisme. Source de confort, de performance mais aussi de style, le cuissard de v\u00e9lo accompagne le cycliste lors de ses sorties. Mais depuis combien de &hellip; <a href=\"https:\/\/www.poli.fr\/g\/histoire-cuissard-velo\/\" class=\"more-link\">Continuer la lecture<span class=\"screen-reader-text\"> de &laquo;&nbsp;L\u2019histoire du cuissard de v\u00e9lo&nbsp;&raquo;<\/span><\/a><\/p>\n","protected":false},"author":2,"featured_media":0,"parent":0,"menu_order":0,"comment_status":"closed","ping_status":"closed","template":"templates\/grappe.php","meta":[],"_links":{"self":[{"href":"https:\/\/www.poli.fr\/g\/wp-json\/wp\/v2\/pages\/139"}],"collection":[{"href":"https:\/\/www.poli.fr\/g\/wp-json\/wp\/v2\/pages"}],"about":[{"href":"https:\/\/www.poli.fr\/g\/wp-json\/wp\/v2\/types\/page"}],"author":[{"embeddable":true,"href":"https:\/\/www.poli.fr\/g\/wp-json\/wp\/v2\/users\/2"}],"replies":[{"embeddable":true,"href":"https:\/\/www.poli.fr\/g\/wp-json\/wp\/v2\/comments?post=139"}],"version-history":[{"count":20,"href":"https:\/\/www.poli.fr\/g\/wp-json\/wp\/v2\/pages\/139\/revisions"}],"predecessor-version":[{"id":1117,"href":"https:\/\/www.poli.fr\/g\/wp-json\/wp\/v2\/pages\/139\/revisions\/1117"}],"wp:attachment":[{"href":"https:\/\/www.poli.fr\/g\/wp-json\/wp\/v2\/media?parent=139"}],"curies":[{"name":"wp","href":"https:\/\/api.w.org\/{rel}","templated":true}]}}