{"id":137,"date":"2020-09-25T13:43:44","date_gmt":"2020-09-25T11:43:44","guid":{"rendered":"https:\/\/www.poli.fr\/g\/?page_id=137"},"modified":"2022-05-26T18:58:22","modified_gmt":"2022-05-26T16:58:22","slug":"questions-sante-cuissards-velo","status":"publish","type":"page","link":"https:\/\/www.poli.fr\/g\/questions-sante-cuissards-velo\/","title":{"rendered":"Questions de sant\u00e9 li\u00e9es aux cuissards de v\u00e9lo"},"content":{"rendered":"<p>La pratique du cyclisme peut g\u00e9n\u00e9rer des douleurs, des sensations d&rsquo;inconfort ou des irritations au niveau de l&rsquo;assise, quelque fois \u00e0 cause d&rsquo;un mauvais choix de <a href=\"https:\/\/www.poli.fr\/achat\/cuissard-velo-237.html\">cuissard<\/a> ou de selle et au temps pass\u00e9 sur celle-ci. Mais existe-t-il des solutions pour pr\u00e9venir ces d\u00e9convenues? <a href=\"\/tout-sur-cuissard-velo\/\">Comment un cuissard peut-il concilier sant\u00e9 et efficacit\u00e9 ?<\/a><\/p>\n<p>Le cuissard choisi peut-il nous aider \u00e0 \u00e9viter ces douleurs? Le choix de la peau du cuissard mais aussi le choix de la selle du v\u00e9lo sont d\u00e9terminants. D&rsquo;o\u00f9 viennent ces irritations? Et le large panel de cr\u00e8mes que l&rsquo;on trouve dans le commerce sont-elles vraiment efficaces? Nous vous proposons de d\u00e9couvrir dans ce dossier sant\u00e9 quelques astuces pour limiter vos douleurs!<\/p>\n<p><img loading=\"lazy\" class=\"alignnone size-full wp-image-767\" src=\"https:\/\/www.poli.fr\/g\/wp-content\/uploads\/2021\/02\/0A1A1551-TEAM-POLI-LOOK.jpg\" alt=\"\" width=\"1000\" height=\"667\" srcset=\"https:\/\/www.poli.fr\/g\/wp-content\/uploads\/2021\/02\/0A1A1551-TEAM-POLI-LOOK.jpg 1000w, https:\/\/www.poli.fr\/g\/wp-content\/uploads\/2021\/02\/0A1A1551-TEAM-POLI-LOOK-300x200.jpg 300w, https:\/\/www.poli.fr\/g\/wp-content\/uploads\/2021\/02\/0A1A1551-TEAM-POLI-LOOK-768x512.jpg 768w\" sizes=\"(max-width: 709px) 85vw, (max-width: 909px) 67vw, (max-width: 1362px) 62vw, 840px\" \/><\/p>\n<h2>Quel cuissard cycliste est le plus confortable pour \u00e9viter les douleurs ?<\/h2>\n<p>L&rsquo;\u00e9quipement du cycliste et plus particuli\u00e8rement le cuissard et la peau sont d\u00e9terminants quant \u00e0 la pr\u00e9vention des douleurs et irritations. Le choix du v\u00e9lo \u00e0 lui seul ne suffit pas. Il faut donc prendre en compte ses besoins sp\u00e9cifiques en fonction de son type pratique pour choisir un cuissard adapt\u00e9. L&rsquo;hygi\u00e8ne et la taille choisie ont aussi un impact tr\u00e8s important.<\/p>\n<p><strong>&gt; <a href=\"https:\/\/www.poli.fr\/g\/quel-cuissard-cycliste-est-le-plus-confortable-pour-eviter-les-douleurs\/\">D\u00e9couvrez comment optimiser votre confort gr\u00e2ce \u00e0 nos conseils<\/a><\/strong><\/p>\n<p><img loading=\"lazy\" class=\"alignnone size-full wp-image-807\" src=\"https:\/\/www.poli.fr\/g\/wp-content\/uploads\/2021\/02\/\u00a9ThomasMaheux094920.jpg\" alt=\"\" width=\"1000\" height=\"667\" srcset=\"https:\/\/www.poli.fr\/g\/wp-content\/uploads\/2021\/02\/\u00a9ThomasMaheux094920.jpg 1000w, https:\/\/www.poli.fr\/g\/wp-content\/uploads\/2021\/02\/\u00a9ThomasMaheux094920-300x200.jpg 300w, https:\/\/www.poli.fr\/g\/wp-content\/uploads\/2021\/02\/\u00a9ThomasMaheux094920-768x512.jpg 768w\" sizes=\"(max-width: 709px) 85vw, (max-width: 909px) 67vw, (max-width: 1362px) 62vw, 840px\" \/><\/p>\n<h2>Pourquoi la selle est-elle aussi importante que le cuissard de v\u00e9lo ?<\/h2>\n<p>L&rsquo;ensemble selle\/cuissard de v\u00e9lo forme un duo indissociable et d\u00e9cisif quant au confort du cycliste sur son v\u00e9lo. Que l&rsquo;on soit cyclotouriste, cycliste sur route ou sur piste, v\u00e9t\u00e9tiste ou m\u00eame triathl\u00e8te, chacun se doit de trouver une selle en accord avec sa pratique et ses besoins. Et c&rsquo;est une v\u00e9ritable qu\u00eate du Graal qui s&rsquo;annonce! Pour vous aider \u00e0 y voir plus clair et surtout \u00e0 \u00e9viter les douleurs, nous vous proposons&#8230;<\/p>\n<p><strong>&gt; <a href=\"https:\/\/www.poli.fr\/g\/pourquoi-la-selle-est-elle-aussi-importante-que-le-cuissard-de-velo\/\">Quelques conseils pour bien choisir votre selle mais aussi pour apprendre comment bien la r\u00e9gler<\/a><\/strong><\/p>\n<h2>Pourquoi ai-je des irritations cutan\u00e9es ?<\/h2>\n<p>Irritations, inflammations, l\u00e9sions, tous ces petits d\u00e9sagr\u00e9ments sont monnaie courante pour le cycliste. Mais peut-on les \u00e9viter? Et surtout comment faut-il les soigner afin qu&rsquo;elles ne s&rsquo;aggravent pas? Votre corps sur le v\u00e9lo est soumis \u00e0 rude \u00e9preuve, il est important de ne pas prendre \u00e0 la l\u00e9g\u00e8re toute sensation d&rsquo;inconfort car elle r\u00e9v\u00e8le certainement un probl\u00e8me sous-jacent. Petit passage en revue des causes \u00e9ventuelles mais \u00e9galement&#8230;<\/p>\n<p><strong>&gt; <a href=\"https:\/\/www.poli.fr\/g\/pourquoi-ai-je-des-irritations-cutanees\/\">Les divers types d&rsquo;irritations pour mieux les comprendre et mieux les pr\u00e9venir<\/a><\/strong><\/p>\n<p><img loading=\"lazy\" class=\"alignnone size-full wp-image-799\" src=\"https:\/\/www.poli.fr\/g\/wp-content\/uploads\/2021\/02\/TMHX192343.jpg\" alt=\"\" width=\"1000\" height=\"667\" srcset=\"https:\/\/www.poli.fr\/g\/wp-content\/uploads\/2021\/02\/TMHX192343.jpg 1000w, https:\/\/www.poli.fr\/g\/wp-content\/uploads\/2021\/02\/TMHX192343-300x200.jpg 300w, https:\/\/www.poli.fr\/g\/wp-content\/uploads\/2021\/02\/TMHX192343-768x512.jpg 768w\" sizes=\"(max-width: 709px) 85vw, (max-width: 909px) 67vw, (max-width: 1362px) 62vw, 840px\" \/><\/p>\n<h2>Les cr\u00e8mes pour cuissard sont-elles efficaces ?<\/h2>\n<p>Tous les cyclistes aimeraient trouver un rem\u00e8de miracle pour \u00e9viter les douleurs et les irritations. Mais que valent vraiment les cr\u00e8mes que l&rsquo;on trouve sur le march\u00e9? Sont-elles vraiment efficaces ou comble de l&rsquo;ironie ne fragiliseraient-elles pas encore plus notre peau sur le long terme?! Loin de nous \u00e9riger au statut de m\u00e9decin, nous avons souhait\u00e9 apporter notre vision issue de notre exp\u00e9rience et de celles de nos athl\u00e8tes partenaires pour mettre la lumi\u00e8re sur ce sujet sant\u00e9.<\/p>\n<p><strong>&gt; <\/strong><a href=\"https:\/\/www.poli.fr\/g\/les-cremes-pour-cuissard-sont-elles-efficaces\/\"><strong>Les cr\u00e8mes pour cuissard sont-elles efficaces ?<\/strong><\/a><\/p>\n<p>&nbsp;<\/p>\n<p>Le cycliste est en perp\u00e9tuelle recherche pour am\u00e9liorer son confort en selle. Les avanc\u00e9es technologiques, les mati\u00e8res techniques et les innovations constantes permettent d&rsquo;accroitre ce confort que ce soit au niveau de la selle, du cuissard ou de la peau. Mais les douleurs restent une des pr\u00e9occupations principales et leur pr\u00e9vention et traitement un enjeu important.<\/p>\n","protected":false},"excerpt":{"rendered":"<p>La pratique du cyclisme peut g\u00e9n\u00e9rer des douleurs, des sensations d&rsquo;inconfort ou des irritations au niveau de l&rsquo;assise, quelque fois \u00e0 cause d&rsquo;un mauvais choix de cuissard ou de selle et au temps pass\u00e9 sur celle-ci. Mais existe-t-il des solutions pour pr\u00e9venir ces d\u00e9convenues? Comment un cuissard peut-il concilier sant\u00e9 et efficacit\u00e9 ? Le cuissard &hellip; <a href=\"https:\/\/www.poli.fr\/g\/questions-sante-cuissards-velo\/\" class=\"more-link\">Continuer la lecture<span class=\"screen-reader-text\"> de &laquo;&nbsp;Questions de sant\u00e9 li\u00e9es aux cuissards de v\u00e9lo&nbsp;&raquo;<\/span><\/a><\/p>\n","protected":false},"author":2,"featured_media":0,"parent":0,"menu_order":0,"comment_status":"closed","ping_status":"closed","template":"templates\/grappe.php","meta":[],"_links":{"self":[{"href":"https:\/\/www.poli.fr\/g\/wp-json\/wp\/v2\/pages\/137"}],"collection":[{"href":"https:\/\/www.poli.fr\/g\/wp-json\/wp\/v2\/pages"}],"about":[{"href":"https:\/\/www.poli.fr\/g\/wp-json\/wp\/v2\/types\/page"}],"author":[{"embeddable":true,"href":"https:\/\/www.poli.fr\/g\/wp-json\/wp\/v2\/users\/2"}],"replies":[{"embeddable":true,"href":"https:\/\/www.poli.fr\/g\/wp-json\/wp\/v2\/comments?post=137"}],"version-history":[{"count":37,"href":"https:\/\/www.poli.fr\/g\/wp-json\/wp\/v2\/pages\/137\/revisions"}],"predecessor-version":[{"id":824,"href":"https:\/\/www.poli.fr\/g\/wp-json\/wp\/v2\/pages\/137\/revisions\/824"}],"wp:attachment":[{"href":"https:\/\/www.poli.fr\/g\/wp-json\/wp\/v2\/media?parent=137"}],"curies":[{"name":"wp","href":"https:\/\/api.w.org\/{rel}","templated":true}]}}